{"id":2138,"date":"2019-03-01T11:07:35","date_gmt":"2019-03-01T10:07:35","guid":{"rendered":"https:\/\/renaulac.fr\/diy\/?page_id=2138"},"modified":"2022-05-19T12:01:25","modified_gmt":"2022-05-19T10:01:25","slug":"buanderie","status":"publish","type":"page","link":"https:\/\/renaulac.fr\/diy\/projet\/interieur\/buanderie\/","title":{"rendered":"Buanderie"},"content":{"rendered":"<p>[et_pb_section fb_built=\u00a0\u00bb1&Prime; module_class=\u00a0\u00bbtooltipkarte\u00a0\u00bb _builder_version=\u00a0\u00bb3.22&Prime; custom_padding=\u00a0\u00bb0px|0px|0px|0px\u00a0\u00bb custom_css_main_element=\u00a0\u00bbmin-width: 100% !important;||max-width: 100% !important;\u00a0\u00bb global_colors_info=\u00a0\u00bb{}\u00a0\u00bb][et_pb_row _builder_version=\u00a0\u00bb3.25&Prime; width=\u00a0\u00bb100%\u00a0\u00bb max_width=\u00a0\u00bb100%\u00a0\u00bb module_alignment=\u00a0\u00bbcenter\u00a0\u00bb custom_padding=\u00a0\u00bb0px|0px|0px|0px\u00a0\u00bb custom_css_main_element=\u00a0\u00bbmin-width: 100% !important;||max-width: 100% !important;\u00a0\u00bb use_custom_width=\u00a0\u00bbon\u00a0\u00bb width_unit=\u00a0\u00bboff\u00a0\u00bb custom_width_percent=\u00a0\u00bb100%\u00a0\u00bb global_colors_info=\u00a0\u00bb{}\u00a0\u00bb][et_pb_column type=\u00a0\u00bb4_4&Prime; _builder_version=\u00a0\u00bb3.25&Prime; custom_padding=\u00a0\u00bb|||\u00a0\u00bb global_colors_info=\u00a0\u00bb{}\u00a0\u00bb custom_padding__hover=\u00a0\u00bb|||\u00a0\u00bb][et_pb_text admin_label=\u00a0\u00bbTool-Tip %22Int\u00e9rieur: Buanderie%22&Prime; _builder_version=\u00a0\u00bb3.27.4&Prime; text_orientation=\u00a0\u00bbcenter\u00a0\u00bb custom_css_main_element=\u00a0\u00bbmin-width: 100% !important;||max-width: 100% !important;\u00a0\u00bb global_colors_info=\u00a0\u00bb{}\u00a0\u00bb]<div id=\"image-map-pro-6946\"><\/div><br \/>\n[\/et_pb_text][\/et_pb_column][\/et_pb_row][\/et_pb_section][et_pb_section fb_built=\u00a0\u00bb1&Prime; disabled_on=\u00a0\u00bboff|off|off\u00a0\u00bb _builder_version=\u00a0\u00bb3.22&Prime; custom_margin=\u00a0\u00bb0px||0px|\u00a0\u00bb custom_margin_tablet=\u00a0\u00bb\u00a0\u00bb custom_margin_phone=\u00a0\u00bb40px||40px|\u00a0\u00bb custom_margin_last_edited=\u00a0\u00bbon|phone\u00a0\u00bb custom_padding=\u00a0\u00bb0px|0px|0px|0px\u00a0\u00bb custom_css_main_element=\u00a0\u00bbmin-width: 100% !important;||max-width: 100% !important;\u00a0\u00bb global_colors_info=\u00a0\u00bb{}\u00a0\u00bb][et_pb_row module_class=\u00a0\u00bb et_pb_row_fullwidth\u00a0\u00bb _builder_version=\u00a0\u00bb3.25&Prime; width=\u00a0\u00bb94%\u00a0\u00bb width_tablet=\u00a0\u00bb80%\u00a0\u00bb width_last_edited=\u00a0\u00bbon|desktop\u00a0\u00bb max_width=\u00a0\u00bb94%\u00a0\u00bb max_width_tablet=\u00a0\u00bb80%\u00a0\u00bb max_width_last_edited=\u00a0\u00bbon|desktop\u00a0\u00bb custom_padding=\u00a0\u00bb0px|0px|0px|0px\u00a0\u00bb custom_css_main_element=\u00a0\u00bbmin-width: 100% !important;||max-width: 100% !important;\u00a0\u00bb make_fullwidth=\u00a0\u00bbon\u00a0\u00bb global_colors_info=\u00a0\u00bb{}\u00a0\u00bb][et_pb_column type=\u00a0\u00bb4_4&Prime; _builder_version=\u00a0\u00bb3.25&Prime; custom_padding=\u00a0\u00bb|||\u00a0\u00bb global_colors_info=\u00a0\u00bb{}\u00a0\u00bb custom_padding__hover=\u00a0\u00bb|||\u00a0\u00bb][et_pb_text admin_label=\u00a0\u00bbText %22Pour visualiser la page des projets&#8230;%22&Prime; module_class=\u00a0\u00bblandscapehinweis\u00a0\u00bb _builder_version=\u00a0\u00bb3.19.4&Prime; text_orientation=\u00a0\u00bbcenter\u00a0\u00bb custom_padding=\u00a0\u00bb|20px||20px\u00a0\u00bb global_module=\u00a0\u00bb5428&Prime; saved_tabs=\u00a0\u00bball\u00a0\u00bb global_colors_info=\u00a0\u00bb{}\u00a0\u00bb]<\/p>\n<p>Pour visualiser la page des projets, vous avez besoin du format paysage de votre smartphone. Veuillez tourner votre t\u00e9l\u00e9phone \u00e0 gauche ou \u00e0 droite.<\/p>\n<p>[\/et_pb_text][\/et_pb_column][\/et_pb_row][\/et_pb_section]<\/p>\n","protected":false},"excerpt":{"rendered":"<p><div id=\"image-map-pro-6946\"><\/div> Pour visualiser la page des projets, vous avez besoin du format paysage de votre smartphone. Veuillez tourner votre t\u00e9l\u00e9phone \u00e0 gauche ou \u00e0 droite.<\/p>\n","protected":false},"author":3,"featured_media":0,"parent":2129,"menu_order":0,"comment_status":"closed","ping_status":"closed","template":"","meta":{"_et_pb_use_builder":"on","_et_pb_old_content":"","_et_gb_content_width":"","footnotes":""},"class_list":["post-2138","page","type-page","status-publish","hentry"],"yoast_head":"<!-- This site is optimized with the Yoast SEO plugin v26.4 - https:\/\/yoast.com\/wordpress\/plugins\/seo\/ -->\n<title>Buanderie - RENAULAC Particulier<\/title>\n<meta name=\"robots\" content=\"index, follow, max-snippet:-1, max-image-preview:large, max-video-preview:-1\" \/>\n<link rel=\"canonical\" href=\"https:\/\/renaulac.fr\/diy\/projet\/interieur\/buanderie\/\" \/>\n<meta property=\"og:locale\" content=\"fr_FR\" \/>\n<meta property=\"og:type\" content=\"article\" \/>\n<meta property=\"og:title\" content=\"Buanderie - RENAULAC Particulier\" \/>\n<meta property=\"og:description\" content=\"Pour visualiser la page des projets, vous avez besoin du format paysage de votre smartphone. Veuillez tourner votre t\u00e9l\u00e9phone \u00e0 gauche ou \u00e0 droite.\" \/>\n<meta property=\"og:url\" content=\"https:\/\/renaulac.fr\/diy\/projet\/interieur\/buanderie\/\" \/>\n<meta property=\"og:site_name\" content=\"RENAULAC Particulier\" \/>\n<meta property=\"article:modified_time\" content=\"2022-05-19T10:01:25+00:00\" \/>\n<meta name=\"twitter:card\" content=\"summary_large_image\" \/>\n<meta name=\"twitter:label1\" content=\"Dur\u00e9e de lecture estim\u00e9e\" \/>\n\t<meta name=\"twitter:data1\" content=\"1 minute\" \/>\n<script type=\"application\/ld+json\" class=\"yoast-schema-graph\">{\"@context\":\"https:\/\/schema.org\",\"@graph\":[{\"@type\":\"WebPage\",\"@id\":\"https:\/\/renaulac.fr\/diy\/projet\/interieur\/buanderie\/\",\"url\":\"https:\/\/renaulac.fr\/diy\/projet\/interieur\/buanderie\/\",\"name\":\"Buanderie - RENAULAC Particulier\",\"isPartOf\":{\"@id\":\"https:\/\/renaulac.fr\/diy\/#website\"},\"datePublished\":\"2019-03-01T10:07:35+00:00\",\"dateModified\":\"2022-05-19T10:01:25+00:00\",\"breadcrumb\":{\"@id\":\"https:\/\/renaulac.fr\/diy\/projet\/interieur\/buanderie\/#breadcrumb\"},\"inLanguage\":\"fr-FR\",\"potentialAction\":[{\"@type\":\"ReadAction\",\"target\":[\"https:\/\/renaulac.fr\/diy\/projet\/interieur\/buanderie\/\"]}]},{\"@type\":\"BreadcrumbList\",\"@id\":\"https:\/\/renaulac.fr\/diy\/projet\/interieur\/buanderie\/#breadcrumb\",\"itemListElement\":[{\"@type\":\"ListItem\",\"position\":1,\"name\":\"Startseite\",\"item\":\"https:\/\/renaulac.fr\/diy\/\"},{\"@type\":\"ListItem\",\"position\":2,\"name\":\"Projet\",\"item\":\"https:\/\/renaulac.fr\/diy\/projet\/\"},{\"@type\":\"ListItem\",\"position\":3,\"name\":\"Int\u00e9rieur\",\"item\":\"https:\/\/renaulac.fr\/diy\/projet\/interieur\/\"},{\"@type\":\"ListItem\",\"position\":4,\"name\":\"Buanderie\"}]},{\"@type\":\"WebSite\",\"@id\":\"https:\/\/renaulac.fr\/diy\/#website\",\"url\":\"https:\/\/renaulac.fr\/diy\/\",\"name\":\"RENAULAC Particulier\",\"description\":\"Maison fran\u00e7aise fond\u00e9e en 1827\",\"potentialAction\":[{\"@type\":\"SearchAction\",\"target\":{\"@type\":\"EntryPoint\",\"urlTemplate\":\"https:\/\/renaulac.fr\/diy\/?s={search_term_string}\"},\"query-input\":{\"@type\":\"PropertyValueSpecification\",\"valueRequired\":true,\"valueName\":\"search_term_string\"}}],\"inLanguage\":\"fr-FR\"}]}<\/script>\n<!-- \/ Yoast SEO plugin. -->","yoast_head_json":{"title":"Buanderie - RENAULAC Particulier","robots":{"index":"index","follow":"follow","max-snippet":"max-snippet:-1","max-image-preview":"max-image-preview:large","max-video-preview":"max-video-preview:-1"},"canonical":"https:\/\/renaulac.fr\/diy\/projet\/interieur\/buanderie\/","og_locale":"fr_FR","og_type":"article","og_title":"Buanderie - RENAULAC Particulier","og_description":"Pour visualiser la page des projets, vous avez besoin du format paysage de votre smartphone. Veuillez tourner votre t\u00e9l\u00e9phone \u00e0 gauche ou \u00e0 droite.","og_url":"https:\/\/renaulac.fr\/diy\/projet\/interieur\/buanderie\/","og_site_name":"RENAULAC Particulier","article_modified_time":"2022-05-19T10:01:25+00:00","twitter_card":"summary_large_image","twitter_misc":{"Dur\u00e9e de lecture estim\u00e9e":"1 minute"},"schema":{"@context":"https:\/\/schema.org","@graph":[{"@type":"WebPage","@id":"https:\/\/renaulac.fr\/diy\/projet\/interieur\/buanderie\/","url":"https:\/\/renaulac.fr\/diy\/projet\/interieur\/buanderie\/","name":"Buanderie - RENAULAC Particulier","isPartOf":{"@id":"https:\/\/renaulac.fr\/diy\/#website"},"datePublished":"2019-03-01T10:07:35+00:00","dateModified":"2022-05-19T10:01:25+00:00","breadcrumb":{"@id":"https:\/\/renaulac.fr\/diy\/projet\/interieur\/buanderie\/#breadcrumb"},"inLanguage":"fr-FR","potentialAction":[{"@type":"ReadAction","target":["https:\/\/renaulac.fr\/diy\/projet\/interieur\/buanderie\/"]}]},{"@type":"BreadcrumbList","@id":"https:\/\/renaulac.fr\/diy\/projet\/interieur\/buanderie\/#breadcrumb","itemListElement":[{"@type":"ListItem","position":1,"name":"Startseite","item":"https:\/\/renaulac.fr\/diy\/"},{"@type":"ListItem","position":2,"name":"Projet","item":"https:\/\/renaulac.fr\/diy\/projet\/"},{"@type":"ListItem","position":3,"name":"Int\u00e9rieur","item":"https:\/\/renaulac.fr\/diy\/projet\/interieur\/"},{"@type":"ListItem","position":4,"name":"Buanderie"}]},{"@type":"WebSite","@id":"https:\/\/renaulac.fr\/diy\/#website","url":"https:\/\/renaulac.fr\/diy\/","name":"RENAULAC Particulier","description":"Maison fran\u00e7aise fond\u00e9e en 1827","potentialAction":[{"@type":"SearchAction","target":{"@type":"EntryPoint","urlTemplate":"https:\/\/renaulac.fr\/diy\/?s={search_term_string}"},"query-input":{"@type":"PropertyValueSpecification","valueRequired":true,"valueName":"search_term_string"}}],"inLanguage":"fr-FR"}]}},"_links":{"self":[{"href":"https:\/\/renaulac.fr\/diy\/wp-json\/wp\/v2\/pages\/2138","targetHints":{"allow":["GET"]}}],"collection":[{"href":"https:\/\/renaulac.fr\/diy\/wp-json\/wp\/v2\/pages"}],"about":[{"href":"https:\/\/renaulac.fr\/diy\/wp-json\/wp\/v2\/types\/page"}],"author":[{"embeddable":true,"href":"https:\/\/renaulac.fr\/diy\/wp-json\/wp\/v2\/users\/3"}],"replies":[{"embeddable":true,"href":"https:\/\/renaulac.fr\/diy\/wp-json\/wp\/v2\/comments?post=2138"}],"version-history":[{"count":1,"href":"https:\/\/renaulac.fr\/diy\/wp-json\/wp\/v2\/pages\/2138\/revisions"}],"predecessor-version":[{"id":6451,"href":"https:\/\/renaulac.fr\/diy\/wp-json\/wp\/v2\/pages\/2138\/revisions\/6451"}],"up":[{"embeddable":true,"href":"https:\/\/renaulac.fr\/diy\/wp-json\/wp\/v2\/pages\/2129"}],"wp:attachment":[{"href":"https:\/\/renaulac.fr\/diy\/wp-json\/wp\/v2\/media?parent=2138"}],"curies":[{"name":"wp","href":"https:\/\/api.w.org\/{rel}","templated":true}]}}