{"id":2282,"date":"2019-03-07T11:20:49","date_gmt":"2019-03-07T10:20:49","guid":{"rendered":"https:\/\/renaulac.fr\/diy\/?page_id=2282"},"modified":"2019-04-01T16:01:49","modified_gmt":"2019-04-01T14:01:49","slug":"meubles","status":"publish","type":"page","link":"https:\/\/renaulac.fr\/diy\/projet\/interieur\/chambre-parentale\/meubles\/","title":{"rendered":"Meubles"},"content":{"rendered":"<p>[et_pb_section bb_built=\u00a0\u00bb1&Prime; disabled_on=\u00a0\u00bboff|off|\u00a0\u00bb _builder_version=\u00a0\u00bb3.19.4&Prime; module_alignment=\u00a0\u00bbcenter\u00a0\u00bb custom_margin=\u00a0\u00bb0px|0px|0px|0px\u00a0\u00bb custom_margin_last_edited=\u00a0\u00bbon|phone\u00a0\u00bb custom_padding=\u00a0\u00bb0px|0px|0px|0px\u00a0\u00bb next_background_color=\u00a0\u00bb#ffffff\u00a0\u00bb background_color=\u00a0\u00bb#000000&Prime;][et_pb_row _builder_version=\u00a0\u00bb3.19.4&Prime; custom_margin=\u00a0\u00bb0px||0px|\u00a0\u00bb custom_padding=\u00a0\u00bb40px||80px|\u00a0\u00bb custom_padding_tablet=\u00a0\u00bb40px||40px|\u00a0\u00bb custom_padding_last_edited=\u00a0\u00bbon|phone\u00a0\u00bb][et_pb_column type=\u00a0\u00bb4_4&Prime;][et_pb_text admin_label=\u00a0\u00bbButton %22Retour%22&Prime; _builder_version=\u00a0\u00bb3.19.4&Prime; saved_tabs=\u00a0\u00bball\u00a0\u00bb global_module=\u00a0\u00bb5358&Prime;]<\/p>\n<div class=\"retourweiss\"><a href=\"https:\/\/renaulac.fr\/diy\/projet\/interieur\/chambre-parentale\/\">\u27e8 Retour<\/a><\/div>\n<p>[\/et_pb_text][et_pb_text admin_label=\u00a0\u00bbText %22D\u00e9couvrez nos produits sp\u00e9cialement \u00e9labor\u00e9s pour vos meubles%22&Prime; _builder_version=\u00a0\u00bb3.19.4&Prime; background_layout=\u00a0\u00bbdark\u00a0\u00bb custom_padding_last_edited=\u00a0\u00bbon|desktop\u00a0\u00bb text_orientation=\u00a0\u00bbcenter\u00a0\u00bb]<\/p>\n<h1>D\u00e9couvrez nos produits sp\u00e9cialement \u00e9labor\u00e9s pour vos meubles<\/h1>\n<p>[\/et_pb_text][\/et_pb_column][\/et_pb_row][\/et_pb_section][et_pb_section bb_built=\u00a0\u00bb1&Prime; specialty=\u00a0\u00bboff\u00a0\u00bb next_background_color=\u00a0\u00bb#000000&Prime; _builder_version=\u00a0\u00bb3.19.4&Prime; custom_margin=\u00a0\u00bb80px||80px|\u00a0\u00bb custom_margin_tablet=\u00a0\u00bb60px||30px|\u00a0\u00bb custom_margin_phone=\u00a0\u00bb40px||30px|\u00a0\u00bb custom_margin_last_edited=\u00a0\u00bbon|phone\u00a0\u00bb custom_padding=\u00a0\u00bb0px||0px|\u00a0\u00bb prev_background_color=\u00a0\u00bb#000000&Prime;][et_pb_row][et_pb_column type=\u00a0\u00bb4_4&Prime;][et_pb_filterable_portfolio admin_label=\u00a0\u00bbProduct Filter\u00a0\u00bb _builder_version=\u00a0\u00bb3.19.4&Prime; posts_number=\u00a0\u00bb500&Prime; include_categories=\u00a0\u00bb93&Prime; show_categories=\u00a0\u00bboff\u00a0\u00bb show_pagination=\u00a0\u00bboff\u00a0\u00bb hover_overlay_color=\u00a0\u00bbrgba(255,255,255,0.9)\u00a0\u00bb text_orientation=\u00a0\u00bbcenter\u00a0\u00bb title_level=\u00a0\u00bbh4&Prime; title_text_color=\u00a0\u00bb#000000&Prime; fullwidth=\u00a0\u00bboff\u00a0\u00bb border_width_all=\u00a0\u00bb1px\u00a0\u00bb border_color_all=\u00a0\u00bb#000000&Prime; module_class=\u00a0\u00bbds-portfolio-custom-order\u00a0\u00bb max_width_phone=\u00a0\u00bb75%\u00a0\u00bb max_width_last_edited=\u00a0\u00bbon|phone\u00a0\u00bb module_alignment=\u00a0\u00bbcenter\u00a0\u00bb \/][\/et_pb_column][\/et_pb_row][\/et_pb_section][et_pb_section bb_built=\u00a0\u00bb1&Prime; disabled_on=\u00a0\u00bbon|on|off\u00a0\u00bb _builder_version=\u00a0\u00bb3.19.4&Prime; background_color=\u00a0\u00bb#000000&Prime; parallax=\u00a0\u00bbon\u00a0\u00bb custom_margin=\u00a0\u00bb100px|||\u00a0\u00bb prev_background_color=\u00a0\u00bb#ffffff\u00a0\u00bb next_background_color=\u00a0\u00bb#ffffff\u00a0\u00bb global_module=\u00a0\u00bb300&Prime;][et_pb_row global_parent=\u00a0\u00bb300&Prime; custom_margin=\u00a0\u00bb30px||10px|\u00a0\u00bb make_equal=\u00a0\u00bbon\u00a0\u00bb _builder_version=\u00a0\u00bb3.19.4&Prime;][et_pb_column type=\u00a0\u00bb1_4&Prime;][et_pb_text admin_label=\u00a0\u00bbSocial Element Bar (Desktop)\u00a0\u00bb global_parent=\u00a0\u00bb300&Prime; disabled_on=\u00a0\u00bbon|on|on\u00a0\u00bb _builder_version=\u00a0\u00bb3.19.4&Prime; background_layout=\u00a0\u00bbdark\u00a0\u00bb custom_margin=\u00a0\u00bb7px|||\u00a0\u00bb disabled=\u00a0\u00bbon\u00a0\u00bb]<\/p>\n<h3>Suivez-Nous Sur<\/h3>\n<p>[\/et_pb_text][\/et_pb_column][et_pb_column type=\u00a0\u00bb1_4&Prime;][et_pb_text admin_label=\u00a0\u00bbSocial Element Bar (Desktop)\u00a0\u00bb global_parent=\u00a0\u00bb300&Prime; disabled_on=\u00a0\u00bbon|on|on\u00a0\u00bb _builder_version=\u00a0\u00bb3.19.4&Prime; background_layout=\u00a0\u00bbdark\u00a0\u00bb disabled=\u00a0\u00bbon\u00a0\u00bb]<\/p>\n<p>\u00a0<\/p>\n<p><img loading=\"lazy\" decoding=\"async\" class=\"alignnone wp-image-163\" src=\"https:\/\/renaulac.fr\/diy\/wp-content\/uploads\/sites\/4\/2019\/01\/renaulac_website_home_logo_facebook.png\" alt=\"\" width=\"30\" height=\"30\" \/>\u00a0\u00a0\u00a0 \u00a0\u00a0<img loading=\"lazy\" decoding=\"async\" class=\"alignnone wp-image-163\" src=\"https:\/\/renaulac.fr\/diy\/wp-content\/uploads\/sites\/4\/2019\/01\/renaulac_website_home_logo_instagram.png\" alt=\"\" width=\"30\" height=\"30\" \/>\u00a0\u00a0\u00a0 \u00a0 <img loading=\"lazy\" decoding=\"async\" class=\"alignnone wp-image-163\" src=\"https:\/\/renaulac.fr\/diy\/wp-content\/uploads\/sites\/4\/2019\/01\/renaulac_website_home_logo_pinterest.png\" alt=\"\" width=\"30\" height=\"30\" \/>\u00a0 \u00a0 \u00a0\u00a0<img loading=\"lazy\" decoding=\"async\" class=\"alignnone wp-image-163\" src=\"https:\/\/renaulac.fr\/diy\/wp-content\/uploads\/sites\/4\/2019\/01\/renaulac_website_home_logo_youtube.png\" alt=\"\" width=\"30\" height=\"30\" \/><\/p>\n<p>\u00a0<\/p>\n<p>\u00a0<\/p>\n<p>[\/et_pb_text][\/et_pb_column][et_pb_column type=\u00a0\u00bb1_2&Prime;][et_pb_button admin_label=\u00a0\u00bbButton %22Retour \u00e0 la page d\u2018accueil \u203a%22 (Desktop)\u00a0\u00bb global_parent=\u00a0\u00bb300&Prime; button_url=\u00a0\u00bbhttps:\/\/renaulac.fr\/\u00a0\u00bb button_text=\u00a0\u00bbRetour \u00e0 la page d\u2018accueil \u203a\u00a0\u00bb button_alignment=\u00a0\u00bbright\u00a0\u00bb _builder_version=\u00a0\u00bb3.19.4&Prime; custom_button=\u00a0\u00bbon\u00a0\u00bb button_text_color=\u00a0\u00bb#000000&Prime; button_bg_color=\u00a0\u00bb#ffffff\u00a0\u00bb button_border_width=\u00a0\u00bb1&Prime; button_border_color=\u00a0\u00bb#ffffff\u00a0\u00bb button_border_radius=\u00a0\u00bb15&Prime; button_use_icon=\u00a0\u00bboff\u00a0\u00bb custom_margin=\u00a0\u00bb-12px||8px|\u00a0\u00bb custom_margin_last_edited=\u00a0\u00bbon|desktop\u00a0\u00bb button_font=\u00a0\u00bb||||||||\u00a0\u00bb button_text_color__hover_enabled=\u00a0\u00bbon\u00a0\u00bb button_text_color__hover=\u00a0\u00bb#ffffff\u00a0\u00bb button_bg_color__hover_enabled=\u00a0\u00bbon\u00a0\u00bb button_bg_color__hover=\u00a0\u00bb#000000&Prime; button_border_color__hover_enabled=\u00a0\u00bbon\u00a0\u00bb button_border_color__hover=\u00a0\u00bb#ffffff\u00a0\u00bb \/][\/et_pb_column][\/et_pb_row][\/et_pb_section][et_pb_section bb_built=\u00a0\u00bb1&Prime; disabled_on=\u00a0\u00bbon|on|\u00a0\u00bb _builder_version=\u00a0\u00bb3.19.4&Prime; custom_margin=\u00a0\u00bb50px||50px|\u00a0\u00bb prev_background_color=\u00a0\u00bb#000000&Prime; next_background_color=\u00a0\u00bb#000000&Prime; global_module=\u00a0\u00bb303&Prime;][et_pb_row global_parent=\u00a0\u00bb303&Prime; use_custom_gutter=\u00a0\u00bbon\u00a0\u00bb gutter_width=\u00a0\u00bb3&Prime; custom_margin=\u00a0\u00bb35px|||\u00a0\u00bb _builder_version=\u00a0\u00bb3.12.2&Prime;][et_pb_column type=\u00a0\u00bb1_2&Prime;][et_pb_text admin_label=\u00a0\u00bbText %22Footer%22 (Desktop + Tablet)\u00a0\u00bb global_parent=\u00a0\u00bb303&Prime; _builder_version=\u00a0\u00bb3.19.4&Prime;]<\/p>\n<p>\u00a9 2019 \u2013 RENAULAC<\/p>\n<p>RENAULAC est un fabricant fran\u00e7ais de peinture avec pr\u00e8s de 200 ans d&rsquo;exp\u00e9rience dans l&rsquo;industrie. Parmi ses clients figurent des professionnels exp\u00e9riment\u00e9s et des bricoleurs. Mais RENAULAC va plus loin que de leur offrir des produits d&rsquo;excellente qualit\u00e9 sur lesquels ils peuvent toujours compter. Il suit \u00e9galement en permanence les tendances mondiales afin de pouvoir donner des conseils et de l&rsquo;inspiration \u00e0 la pointe de l&rsquo;actualit\u00e9. Bien plus, il a toujours fait de la protection de l&rsquo;environnement une priorit\u00e9 absolue &#8211; la meilleure preuve en est la certification QSE que RENAULAC a obtenue pour le respect des normes les plus strictes.<\/p>\n<p>[\/et_pb_text][\/et_pb_column][et_pb_column type=\u00a0\u00bb1_2&Prime;][et_pb_text admin_label=\u00a0\u00bbMenu %22Footer%22 (Desktop + Tablet)\u00a0\u00bb global_parent=\u00a0\u00bb303&Prime; _builder_version=\u00a0\u00bb3.19.4&Prime;]<\/p>\n<p><a href=\"https:\/\/renaulac.fr\/mentions-legales\/\">MENTIONS L\u00c9GALES<\/a><\/p>\n<p><a href=\"https:\/\/renaulac.fr\/protection-des-donnees\/\">PROTECTION DES DONN\u00c9ES<\/a><\/p>\n<p><a href=\"https:\/\/renaulac.fr\/pro\/service\/contact\/\">CONTACT<\/a>\u00a0<\/p>\n<p><a href=\"https:\/\/renaulac.fr\/emplois\/\">EMPLOIS<\/a><\/p>\n<p>[\/et_pb_text][et_pb_image admin_label=\u00a0\u00bbImage %22Footer%22 (Desktop + Tablet)\u00a0\u00bb global_parent=\u00a0\u00bb303&Prime; src=\u00a0\u00bbhttps:\/\/renaulac.fr\/diy\/wp-content\/uploads\/sites\/4\/2019\/01\/APartOfHempel_horizontal_CMYK1.jpg\u00a0\u00bb _builder_version=\u00a0\u00bb3.19.4&Prime; \/][\/et_pb_column][\/et_pb_row][\/et_pb_section][et_pb_section bb_built=\u00a0\u00bb1&Prime; disabled_on=\u00a0\u00bboff|off|on\u00a0\u00bb _builder_version=\u00a0\u00bb3.19.4&Prime; background_color=\u00a0\u00bb#000000&Prime; parallax=\u00a0\u00bbon\u00a0\u00bb custom_margin=\u00a0\u00bb0px||0px|\u00a0\u00bb custom_padding=\u00a0\u00bb0px||0px|\u00a0\u00bb prev_background_color=\u00a0\u00bb#ffffff\u00a0\u00bb next_background_color=\u00a0\u00bb#ffffff\u00a0\u00bb global_module=\u00a0\u00bb307&Prime;][et_pb_row global_parent=\u00a0\u00bb307&Prime; custom_padding=\u00a0\u00bb0px||0px|\u00a0\u00bb custom_margin=\u00a0\u00bb0px||0px|\u00a0\u00bb make_equal=\u00a0\u00bbon\u00a0\u00bb _builder_version=\u00a0\u00bb3.17.2&Prime;][et_pb_column type=\u00a0\u00bb4_4&Prime;][et_pb_text admin_label=\u00a0\u00bbSocial Element Bar (Mobile)\u00a0\u00bb global_parent=\u00a0\u00bb307&Prime; disabled_on=\u00a0\u00bbon|on|on\u00a0\u00bb _builder_version=\u00a0\u00bb3.19.4&Prime; text_orientation=\u00a0\u00bbcenter\u00a0\u00bb background_layout=\u00a0\u00bbdark\u00a0\u00bb custom_margin=\u00a0\u00bb0px||0px|\u00a0\u00bb custom_padding=\u00a0\u00bb20px||10px|\u00a0\u00bb disabled=\u00a0\u00bbon\u00a0\u00bb]<\/p>\n<p>\u00a0<\/p>\n<h3>Suivez-Nous Sur<\/h3>\n<p><img loading=\"lazy\" decoding=\"async\" class=\"alignnone wp-image-163\" src=\"https:\/\/renaulac.fr\/diy\/wp-content\/uploads\/sites\/4\/2019\/01\/renaulac_website_home_logo_facebook.png\" alt=\"\" width=\"30\" height=\"30\" \/>\u00a0\u00a0\u00a0 \u00a0\u00a0<img loading=\"lazy\" decoding=\"async\" class=\"alignnone wp-image-163\" src=\"https:\/\/renaulac.fr\/diy\/wp-content\/uploads\/sites\/4\/2019\/01\/renaulac_website_home_logo_instagram.png\" alt=\"\" width=\"30\" height=\"30\" \/>\u00a0\u00a0\u00a0 \u00a0 <img loading=\"lazy\" decoding=\"async\" class=\"alignnone wp-image-163\" src=\"https:\/\/renaulac.fr\/diy\/wp-content\/uploads\/sites\/4\/2019\/01\/renaulac_website_home_logo_pinterest.png\" alt=\"\" width=\"30\" height=\"30\" \/>\u00a0 \u00a0 \u00a0\u00a0<img loading=\"lazy\" decoding=\"async\" class=\"alignnone wp-image-163\" src=\"https:\/\/renaulac.fr\/diy\/wp-content\/uploads\/sites\/4\/2019\/01\/renaulac_website_home_logo_youtube.png\" alt=\"\" width=\"30\" height=\"30\" \/><\/p>\n<p>\u00a0<\/p>\n<p>\u00a0<\/p>\n<p>[\/et_pb_text][et_pb_button admin_label=\u00a0\u00bbButton %22Retour \u00e0 la page d\u2018accueil \u203a%22 (Mobile)\u00a0\u00bb global_parent=\u00a0\u00bb307&Prime; button_url=\u00a0\u00bbhttps:\/\/renaulac.fr\/\u00a0\u00bb button_text=\u00a0\u00bbRetour \u00e0 la page d\u2018accueil \u203a\u00a0\u00bb button_alignment=\u00a0\u00bbcenter\u00a0\u00bb _builder_version=\u00a0\u00bb3.19.4&Prime; custom_button=\u00a0\u00bbon\u00a0\u00bb button_text_color=\u00a0\u00bb#000000&Prime; button_bg_color=\u00a0\u00bb#ffffff\u00a0\u00bb button_border_width=\u00a0\u00bb1&Prime; button_border_color=\u00a0\u00bb#ffffff\u00a0\u00bb button_border_radius=\u00a0\u00bb15&Prime; button_use_icon=\u00a0\u00bboff\u00a0\u00bb custom_margin=\u00a0\u00bb-12px|||\u00a0\u00bb custom_margin_tablet=\u00a0\u00bb20px||20px|\u00a0\u00bb custom_margin_last_edited=\u00a0\u00bbon|phone\u00a0\u00bb \/][\/et_pb_column][\/et_pb_row][\/et_pb_section][et_pb_section bb_built=\u00a0\u00bb1&Prime; disabled_on=\u00a0\u00bboff|off|on\u00a0\u00bb _builder_version=\u00a0\u00bb3.19.4&Prime; custom_margin=\u00a0\u00bb20px||0px|\u00a0\u00bb custom_padding=\u00a0\u00bb0px||0px|\u00a0\u00bb prev_background_color=\u00a0\u00bb#000000&Prime; global_module=\u00a0\u00bb308&Prime;][et_pb_row global_parent=\u00a0\u00bb308&Prime; use_custom_gutter=\u00a0\u00bbon\u00a0\u00bb gutter_width=\u00a0\u00bb3&Prime; custom_margin=\u00a0\u00bb0px|||\u00a0\u00bb _builder_version=\u00a0\u00bb3.17.2&Prime;][et_pb_column type=\u00a0\u00bb4_4&Prime;][et_pb_text admin_label=\u00a0\u00bbText %22Footer%22 (Mobile)\u00a0\u00bb global_parent=\u00a0\u00bb308&Prime; _builder_version=\u00a0\u00bb3.19.4&Prime;]<\/p>\n<p>\u00a9 2019 RENAULAC<\/p>\n<p>RENAULAC est un fabricant fran\u00e7ais de peinture avec pr\u00e8s de 200 ans d&rsquo;exp\u00e9rience dans l&rsquo;industrie. Parmi ses clients figurent des professionnels exp\u00e9riment\u00e9s et des bricoleurs. Mais RENAULAC va plus loin que de leur offrir des produits d&rsquo;excellente qualit\u00e9 sur lesquels ils peuvent toujours compter. Il suit \u00e9galement en permanence les tendances mondiales afin de pouvoir donner des conseils et de l&rsquo;inspiration \u00e0 la pointe de l&rsquo;actualit\u00e9. Bien plus, il a toujours fait de la protection de l&rsquo;environnement une priorit\u00e9 absolue &#8211; la meilleure preuve en est la certification QSE que RENAULAC a obtenue pour le respect des normes les plus strictes.<\/p>\n<p>[\/et_pb_text][et_pb_text admin_label=\u00a0\u00bbMenu %22Footer%22 (Mobile)\u00a0\u00bb global_parent=\u00a0\u00bb308&Prime; _builder_version=\u00a0\u00bb3.19.4&Prime;]<\/p>\n<p><a href=\"https:\/\/renaulac.fr\/mentions-legales\/\">MENTION L\u00c9GALES<\/a><\/p>\n<p><a href=\"https:\/\/renaulac.fr\/protection-des-donnees\/\">PROTECTION DES DONN\u00c9ES<\/a><\/p>\n<p><a href=\"https:\/\/renaulac.fr\/pro\/service\/contact\/\">CONTACT<\/a><\/p>\n<p><a href=\"https:\/\/renaulac.fr\/emplois\/\">EMPLOIS<\/a><\/p>\n<p>[\/et_pb_text][et_pb_image admin_label=\u00a0\u00bbImage %22Footer%22 (Mobile)\u00a0\u00bb global_parent=\u00a0\u00bb308&Prime; src=\u00a0\u00bbhttps:\/\/renaulac.fr\/diy\/wp-content\/uploads\/sites\/4\/2019\/01\/APartOfHempel_horizontal_CMYK1.jpg\u00a0\u00bb always_center_on_mobile=\u00a0\u00bboff\u00a0\u00bb _builder_version=\u00a0\u00bb3.19.4&Prime; \/][\/et_pb_column][\/et_pb_row][\/et_pb_section]<\/p>\n","protected":false},"excerpt":{"rendered":"<p>\u27e8 Retour D\u00e9couvrez nos produits sp\u00e9cialement \u00e9labor\u00e9s pour vos meubles <div class=\"et_pb_row et_pb_row_0 et_pb_row_empty\">\n\t\t\t\t\n\t\t\t\t\n\t\t\t\t\n\t\t\t\t\n\t\t\t\t\n\t\t\t<\/div> Suivez-Nous Sur \u00a0 \u00a0\u00a0\u00a0 \u00a0\u00a0\u00a0\u00a0\u00a0 \u00a0 \u00a0 \u00a0 \u00a0\u00a0 \u00a0 \u00a0 \u00a9 2019 \u2013 RENAULAC RENAULAC est un fabricant fran\u00e7ais de peinture avec pr\u00e8s de 200 ans d&rsquo;exp\u00e9rience dans l&rsquo;industrie. Parmi ses clients figurent des professionnels exp\u00e9riment\u00e9s et des bricoleurs. Mais RENAULAC va plus [&hellip;]<\/p>\n","protected":false},"author":1,"featured_media":0,"parent":2131,"menu_order":0,"comment_status":"closed","ping_status":"closed","template":"","meta":{"_et_pb_use_builder":"on","_et_pb_old_content":"","_et_gb_content_width":"","footnotes":""},"class_list":["post-2282","page","type-page","status-publish","hentry"],"yoast_head":"<!-- This site is optimized with the Yoast SEO plugin v26.4 - https:\/\/yoast.com\/wordpress\/plugins\/seo\/ -->\n<title>Meubles - RENAULAC Particulier<\/title>\n<meta name=\"robots\" content=\"index, follow, max-snippet:-1, max-image-preview:large, max-video-preview:-1\" \/>\n<link rel=\"canonical\" href=\"https:\/\/renaulac.fr\/diy\/projet\/interieur\/chambre-parentale\/meubles\/\" \/>\n<meta property=\"og:locale\" content=\"fr_FR\" \/>\n<meta property=\"og:type\" content=\"article\" \/>\n<meta property=\"og:title\" content=\"Meubles - RENAULAC Particulier\" \/>\n<meta property=\"og:description\" content=\"\u27e8 Retour D\u00e9couvrez nos produits sp\u00e9cialement \u00e9labor\u00e9s pour vos meubles Suivez-Nous Sur \u00a0 \u00a0\u00a0\u00a0 \u00a0\u00a0\u00a0\u00a0\u00a0 \u00a0 \u00a0 \u00a0 \u00a0\u00a0 \u00a0 \u00a0 \u00a9 2019 \u2013 RENAULAC RENAULAC est un fabricant fran\u00e7ais de peinture avec pr\u00e8s de 200 ans d&#039;exp\u00e9rience dans l&#039;industrie. Parmi ses clients figurent des professionnels exp\u00e9riment\u00e9s et des bricoleurs. Mais RENAULAC va plus [&hellip;]\" \/>\n<meta property=\"og:url\" content=\"https:\/\/renaulac.fr\/diy\/projet\/interieur\/chambre-parentale\/meubles\/\" \/>\n<meta property=\"og:site_name\" content=\"RENAULAC Particulier\" \/>\n<meta property=\"article:modified_time\" content=\"2019-04-01T14:01:49+00:00\" \/>\n<meta property=\"og:image\" content=\"https:\/\/renaulac.fr\/diy\/wp-content\/uploads\/sites\/4\/2019\/01\/renaulac_website_home_logo_facebook.png\" \/>\n<meta name=\"twitter:card\" content=\"summary_large_image\" \/>\n<meta name=\"twitter:label1\" content=\"Dur\u00e9e de lecture estim\u00e9e\" \/>\n\t<meta name=\"twitter:data1\" content=\"6 minutes\" \/>\n<script type=\"application\/ld+json\" class=\"yoast-schema-graph\">{\"@context\":\"https:\/\/schema.org\",\"@graph\":[{\"@type\":\"WebPage\",\"@id\":\"https:\/\/renaulac.fr\/diy\/projet\/interieur\/chambre-parentale\/meubles\/\",\"url\":\"https:\/\/renaulac.fr\/diy\/projet\/interieur\/chambre-parentale\/meubles\/\",\"name\":\"Meubles - RENAULAC Particulier\",\"isPartOf\":{\"@id\":\"https:\/\/renaulac.fr\/diy\/#website\"},\"primaryImageOfPage\":{\"@id\":\"https:\/\/renaulac.fr\/diy\/projet\/interieur\/chambre-parentale\/meubles\/#primaryimage\"},\"image\":{\"@id\":\"https:\/\/renaulac.fr\/diy\/projet\/interieur\/chambre-parentale\/meubles\/#primaryimage\"},\"thumbnailUrl\":\"https:\/\/renaulac.fr\/diy\/wp-content\/uploads\/sites\/4\/2019\/01\/renaulac_website_home_logo_facebook.png\",\"datePublished\":\"2019-03-07T10:20:49+00:00\",\"dateModified\":\"2019-04-01T14:01:49+00:00\",\"breadcrumb\":{\"@id\":\"https:\/\/renaulac.fr\/diy\/projet\/interieur\/chambre-parentale\/meubles\/#breadcrumb\"},\"inLanguage\":\"fr-FR\",\"potentialAction\":[{\"@type\":\"ReadAction\",\"target\":[\"https:\/\/renaulac.fr\/diy\/projet\/interieur\/chambre-parentale\/meubles\/\"]}]},{\"@type\":\"ImageObject\",\"inLanguage\":\"fr-FR\",\"@id\":\"https:\/\/renaulac.fr\/diy\/projet\/interieur\/chambre-parentale\/meubles\/#primaryimage\",\"url\":\"https:\/\/renaulac.fr\/diy\/wp-content\/uploads\/sites\/4\/2019\/01\/renaulac_website_home_logo_facebook.png\",\"contentUrl\":\"https:\/\/renaulac.fr\/diy\/wp-content\/uploads\/sites\/4\/2019\/01\/renaulac_website_home_logo_facebook.png\",\"width\":200,\"height\":200},{\"@type\":\"BreadcrumbList\",\"@id\":\"https:\/\/renaulac.fr\/diy\/projet\/interieur\/chambre-parentale\/meubles\/#breadcrumb\",\"itemListElement\":[{\"@type\":\"ListItem\",\"position\":1,\"name\":\"Startseite\",\"item\":\"https:\/\/renaulac.fr\/diy\/\"},{\"@type\":\"ListItem\",\"position\":2,\"name\":\"Projet\",\"item\":\"https:\/\/renaulac.fr\/diy\/projet\/\"},{\"@type\":\"ListItem\",\"position\":3,\"name\":\"Int\u00e9rieur\",\"item\":\"https:\/\/renaulac.fr\/diy\/projet\/interieur\/\"},{\"@type\":\"ListItem\",\"position\":4,\"name\":\"Chambre parentale\",\"item\":\"https:\/\/renaulac.fr\/diy\/projet\/interieur\/chambre-parentale\/\"},{\"@type\":\"ListItem\",\"position\":5,\"name\":\"Meubles\"}]},{\"@type\":\"WebSite\",\"@id\":\"https:\/\/renaulac.fr\/diy\/#website\",\"url\":\"https:\/\/renaulac.fr\/diy\/\",\"name\":\"RENAULAC Particulier\",\"description\":\"Maison fran\u00e7aise fond\u00e9e en 1827\",\"potentialAction\":[{\"@type\":\"SearchAction\",\"target\":{\"@type\":\"EntryPoint\",\"urlTemplate\":\"https:\/\/renaulac.fr\/diy\/?s={search_term_string}\"},\"query-input\":{\"@type\":\"PropertyValueSpecification\",\"valueRequired\":true,\"valueName\":\"search_term_string\"}}],\"inLanguage\":\"fr-FR\"}]}<\/script>\n<!-- \/ Yoast SEO plugin. -->","yoast_head_json":{"title":"Meubles - RENAULAC Particulier","robots":{"index":"index","follow":"follow","max-snippet":"max-snippet:-1","max-image-preview":"max-image-preview:large","max-video-preview":"max-video-preview:-1"},"canonical":"https:\/\/renaulac.fr\/diy\/projet\/interieur\/chambre-parentale\/meubles\/","og_locale":"fr_FR","og_type":"article","og_title":"Meubles - RENAULAC Particulier","og_description":"\u27e8 Retour D\u00e9couvrez nos produits sp\u00e9cialement \u00e9labor\u00e9s pour vos meubles Suivez-Nous Sur \u00a0 \u00a0\u00a0\u00a0 \u00a0\u00a0\u00a0\u00a0\u00a0 \u00a0 \u00a0 \u00a0 \u00a0\u00a0 \u00a0 \u00a0 \u00a9 2019 \u2013 RENAULAC RENAULAC est un fabricant fran\u00e7ais de peinture avec pr\u00e8s de 200 ans d'exp\u00e9rience dans l'industrie. Parmi ses clients figurent des professionnels exp\u00e9riment\u00e9s et des bricoleurs. Mais RENAULAC va plus [&hellip;]","og_url":"https:\/\/renaulac.fr\/diy\/projet\/interieur\/chambre-parentale\/meubles\/","og_site_name":"RENAULAC Particulier","article_modified_time":"2019-04-01T14:01:49+00:00","og_image":[{"url":"https:\/\/renaulac.fr\/diy\/wp-content\/uploads\/sites\/4\/2019\/01\/renaulac_website_home_logo_facebook.png","type":"","width":"","height":""}],"twitter_card":"summary_large_image","twitter_misc":{"Dur\u00e9e de lecture estim\u00e9e":"6 minutes"},"schema":{"@context":"https:\/\/schema.org","@graph":[{"@type":"WebPage","@id":"https:\/\/renaulac.fr\/diy\/projet\/interieur\/chambre-parentale\/meubles\/","url":"https:\/\/renaulac.fr\/diy\/projet\/interieur\/chambre-parentale\/meubles\/","name":"Meubles - RENAULAC Particulier","isPartOf":{"@id":"https:\/\/renaulac.fr\/diy\/#website"},"primaryImageOfPage":{"@id":"https:\/\/renaulac.fr\/diy\/projet\/interieur\/chambre-parentale\/meubles\/#primaryimage"},"image":{"@id":"https:\/\/renaulac.fr\/diy\/projet\/interieur\/chambre-parentale\/meubles\/#primaryimage"},"thumbnailUrl":"https:\/\/renaulac.fr\/diy\/wp-content\/uploads\/sites\/4\/2019\/01\/renaulac_website_home_logo_facebook.png","datePublished":"2019-03-07T10:20:49+00:00","dateModified":"2019-04-01T14:01:49+00:00","breadcrumb":{"@id":"https:\/\/renaulac.fr\/diy\/projet\/interieur\/chambre-parentale\/meubles\/#breadcrumb"},"inLanguage":"fr-FR","potentialAction":[{"@type":"ReadAction","target":["https:\/\/renaulac.fr\/diy\/projet\/interieur\/chambre-parentale\/meubles\/"]}]},{"@type":"ImageObject","inLanguage":"fr-FR","@id":"https:\/\/renaulac.fr\/diy\/projet\/interieur\/chambre-parentale\/meubles\/#primaryimage","url":"https:\/\/renaulac.fr\/diy\/wp-content\/uploads\/sites\/4\/2019\/01\/renaulac_website_home_logo_facebook.png","contentUrl":"https:\/\/renaulac.fr\/diy\/wp-content\/uploads\/sites\/4\/2019\/01\/renaulac_website_home_logo_facebook.png","width":200,"height":200},{"@type":"BreadcrumbList","@id":"https:\/\/renaulac.fr\/diy\/projet\/interieur\/chambre-parentale\/meubles\/#breadcrumb","itemListElement":[{"@type":"ListItem","position":1,"name":"Startseite","item":"https:\/\/renaulac.fr\/diy\/"},{"@type":"ListItem","position":2,"name":"Projet","item":"https:\/\/renaulac.fr\/diy\/projet\/"},{"@type":"ListItem","position":3,"name":"Int\u00e9rieur","item":"https:\/\/renaulac.fr\/diy\/projet\/interieur\/"},{"@type":"ListItem","position":4,"name":"Chambre parentale","item":"https:\/\/renaulac.fr\/diy\/projet\/interieur\/chambre-parentale\/"},{"@type":"ListItem","position":5,"name":"Meubles"}]},{"@type":"WebSite","@id":"https:\/\/renaulac.fr\/diy\/#website","url":"https:\/\/renaulac.fr\/diy\/","name":"RENAULAC Particulier","description":"Maison fran\u00e7aise fond\u00e9e en 1827","potentialAction":[{"@type":"SearchAction","target":{"@type":"EntryPoint","urlTemplate":"https:\/\/renaulac.fr\/diy\/?s={search_term_string}"},"query-input":{"@type":"PropertyValueSpecification","valueRequired":true,"valueName":"search_term_string"}}],"inLanguage":"fr-FR"}]}},"_links":{"self":[{"href":"https:\/\/renaulac.fr\/diy\/wp-json\/wp\/v2\/pages\/2282","targetHints":{"allow":["GET"]}}],"collection":[{"href":"https:\/\/renaulac.fr\/diy\/wp-json\/wp\/v2\/pages"}],"about":[{"href":"https:\/\/renaulac.fr\/diy\/wp-json\/wp\/v2\/types\/page"}],"author":[{"embeddable":true,"href":"https:\/\/renaulac.fr\/diy\/wp-json\/wp\/v2\/users\/1"}],"replies":[{"embeddable":true,"href":"https:\/\/renaulac.fr\/diy\/wp-json\/wp\/v2\/comments?post=2282"}],"version-history":[{"count":0,"href":"https:\/\/renaulac.fr\/diy\/wp-json\/wp\/v2\/pages\/2282\/revisions"}],"up":[{"embeddable":true,"href":"https:\/\/renaulac.fr\/diy\/wp-json\/wp\/v2\/pages\/2131"}],"wp:attachment":[{"href":"https:\/\/renaulac.fr\/diy\/wp-json\/wp\/v2\/media?parent=2282"}],"curies":[{"name":"wp","href":"https:\/\/api.w.org\/{rel}","templated":true}]}}