{"id":2377,"date":"2019-03-07T11:26:22","date_gmt":"2019-03-07T10:26:22","guid":{"rendered":"https:\/\/renaulac.fr\/diy\/?page_id=2377"},"modified":"2022-05-19T12:21:56","modified_gmt":"2022-05-19T10:21:56","slug":"sol","status":"publish","type":"page","link":"https:\/\/renaulac.fr\/diy\/projet\/interieur\/salle-de-bain\/sol\/","title":{"rendered":"Sol"},"content":{"rendered":"<p>[et_pb_section fb_built=\u00a0\u00bb1&Prime; disabled_on=\u00a0\u00bboff|off|\u00a0\u00bb _builder_version=\u00a0\u00bb3.22&Prime; background_color=\u00a0\u00bb#000000&Prime; module_alignment=\u00a0\u00bbcenter\u00a0\u00bb custom_margin=\u00a0\u00bb0px|0px|0px|0px\u00a0\u00bb custom_margin_tablet=\u00a0\u00bb\u00a0\u00bb custom_margin_phone=\u00a0\u00bb\u00a0\u00bb custom_margin_last_edited=\u00a0\u00bbon|phone\u00a0\u00bb custom_padding=\u00a0\u00bb0px|0px|0px|0px\u00a0\u00bb global_colors_info=\u00a0\u00bb{}\u00a0\u00bb][et_pb_row custom_padding_last_edited=\u00a0\u00bbon|phone\u00a0\u00bb _builder_version=\u00a0\u00bb3.25&Prime; custom_margin=\u00a0\u00bb0px||0px|\u00a0\u00bb custom_padding=\u00a0\u00bb40px||80px|\u00a0\u00bb custom_padding_tablet=\u00a0\u00bb40px||40px|\u00a0\u00bb custom_padding_phone=\u00a0\u00bb\u00a0\u00bb global_colors_info=\u00a0\u00bb{}\u00a0\u00bb][et_pb_column type=\u00a0\u00bb4_4&Prime; _builder_version=\u00a0\u00bb3.25&Prime; custom_padding=\u00a0\u00bb|||\u00a0\u00bb global_colors_info=\u00a0\u00bb{}\u00a0\u00bb custom_padding__hover=\u00a0\u00bb|||\u00a0\u00bb][et_pb_text admin_label=\u00a0\u00bbButton %22Retour%22&Prime; _builder_version=\u00a0\u00bb3.19.4&Prime; global_module=\u00a0\u00bb5393&Prime; saved_tabs=\u00a0\u00bball\u00a0\u00bb global_colors_info=\u00a0\u00bb{}\u00a0\u00bb]<\/p>\n<div class=\"retourweiss\"><a href=\"https:\/\/renaulac.fr\/diy\/projet\/interieur\/salle-de-bain\/\">\u27e8 Retour<\/a><\/div>\n<p>[\/et_pb_text][et_pb_text admin_label=\u00a0\u00bbText %22D\u00e9couvrez nos produits sp\u00e9cialement \u00e9labor\u00e9s pour votre sol%22&Prime; _builder_version=\u00a0\u00bb3.27.4&Prime; text_orientation=\u00a0\u00bbcenter\u00a0\u00bb background_layout=\u00a0\u00bbdark\u00a0\u00bb custom_padding_tablet=\u00a0\u00bb\u00a0\u00bb custom_padding_phone=\u00a0\u00bb\u00a0\u00bb custom_padding_last_edited=\u00a0\u00bbon|desktop\u00a0\u00bb global_colors_info=\u00a0\u00bb{}\u00a0\u00bb]<\/p>\n<h1>D\u00e9couvrez nos produits sp\u00e9cialement \u00e9labor\u00e9s pour votre sol<\/h1>\n<p>[\/et_pb_text][\/et_pb_column][\/et_pb_row][\/et_pb_section][et_pb_section fb_built=\u00a0\u00bb1&Prime; _builder_version=\u00a0\u00bb3.22&Prime; custom_margin=\u00a0\u00bb80px||80px|\u00a0\u00bb custom_margin_tablet=\u00a0\u00bb60px||30px|\u00a0\u00bb custom_margin_phone=\u00a0\u00bb40px||30px|\u00a0\u00bb custom_margin_last_edited=\u00a0\u00bbon|phone\u00a0\u00bb custom_padding=\u00a0\u00bb0px||0px|\u00a0\u00bb global_colors_info=\u00a0\u00bb{}\u00a0\u00bb][et_pb_row _builder_version=\u00a0\u00bb3.25&Prime; background_size=\u00a0\u00bbinitial\u00a0\u00bb background_position=\u00a0\u00bbtop_left\u00a0\u00bb background_repeat=\u00a0\u00bbrepeat\u00a0\u00bb global_colors_info=\u00a0\u00bb{}\u00a0\u00bb][et_pb_column type=\u00a0\u00bb4_4&Prime; _builder_version=\u00a0\u00bb3.25&Prime; custom_padding=\u00a0\u00bb|||\u00a0\u00bb global_colors_info=\u00a0\u00bb{}\u00a0\u00bb custom_padding__hover=\u00a0\u00bb|||\u00a0\u00bb][et_pb_filterable_portfolio fullwidth=\u00a0\u00bboff\u00a0\u00bb posts_number=\u00a0\u00bb500&Prime; include_categories=\u00a0\u00bb101&Prime; show_categories=\u00a0\u00bboff\u00a0\u00bb show_pagination=\u00a0\u00bboff\u00a0\u00bb admin_label=\u00a0\u00bbProduct Filter\u00a0\u00bb module_class=\u00a0\u00bbds-portfolio-custom-order\u00a0\u00bb _builder_version=\u00a0\u00bb3.19.4&Prime; title_level=\u00a0\u00bbh4&Prime; title_text_color=\u00a0\u00bb#000000&Prime; text_orientation=\u00a0\u00bbcenter\u00a0\u00bb max_width_tablet=\u00a0\u00bb\u00a0\u00bb max_width_phone=\u00a0\u00bb75%\u00a0\u00bb max_width_last_edited=\u00a0\u00bbon|phone\u00a0\u00bb module_alignment=\u00a0\u00bbcenter\u00a0\u00bb border_width_all=\u00a0\u00bb1px\u00a0\u00bb border_color_all=\u00a0\u00bb#000000&Prime; global_colors_info=\u00a0\u00bb{}\u00a0\u00bb][\/et_pb_filterable_portfolio][\/et_pb_column][\/et_pb_row][\/et_pb_section]<\/p>\n","protected":false},"excerpt":{"rendered":"<p>\u27e8 Retour D\u00e9couvrez nos produits sp\u00e9cialement \u00e9labor\u00e9s pour votre sol<\/p>\n","protected":false},"author":1,"featured_media":0,"parent":2137,"menu_order":0,"comment_status":"closed","ping_status":"closed","template":"","meta":{"_et_pb_use_builder":"on","_et_pb_old_content":"","_et_gb_content_width":"","footnotes":""},"class_list":["post-2377","page","type-page","status-publish","hentry"],"yoast_head":"<!-- This site is optimized with the Yoast SEO plugin v26.4 - https:\/\/yoast.com\/wordpress\/plugins\/seo\/ -->\n<title>Sol - RENAULAC Particulier<\/title>\n<meta name=\"robots\" content=\"index, follow, max-snippet:-1, max-image-preview:large, max-video-preview:-1\" \/>\n<link rel=\"canonical\" href=\"https:\/\/renaulac.fr\/diy\/projet\/interieur\/salle-de-bain\/sol\/\" \/>\n<meta property=\"og:locale\" content=\"fr_FR\" \/>\n<meta property=\"og:type\" content=\"article\" \/>\n<meta property=\"og:title\" content=\"Sol - RENAULAC Particulier\" \/>\n<meta property=\"og:description\" content=\"\u27e8 Retour D\u00e9couvrez nos produits sp\u00e9cialement \u00e9labor\u00e9s pour votre sol\" \/>\n<meta property=\"og:url\" content=\"https:\/\/renaulac.fr\/diy\/projet\/interieur\/salle-de-bain\/sol\/\" \/>\n<meta property=\"og:site_name\" content=\"RENAULAC Particulier\" \/>\n<meta property=\"article:modified_time\" content=\"2022-05-19T10:21:56+00:00\" \/>\n<meta name=\"twitter:card\" content=\"summary_large_image\" \/>\n<meta name=\"twitter:label1\" content=\"Dur\u00e9e de lecture estim\u00e9e\" \/>\n\t<meta name=\"twitter:data1\" content=\"2 minutes\" \/>\n<script type=\"application\/ld+json\" class=\"yoast-schema-graph\">{\"@context\":\"https:\/\/schema.org\",\"@graph\":[{\"@type\":\"WebPage\",\"@id\":\"https:\/\/renaulac.fr\/diy\/projet\/interieur\/salle-de-bain\/sol\/\",\"url\":\"https:\/\/renaulac.fr\/diy\/projet\/interieur\/salle-de-bain\/sol\/\",\"name\":\"Sol - RENAULAC Particulier\",\"isPartOf\":{\"@id\":\"https:\/\/renaulac.fr\/diy\/#website\"},\"datePublished\":\"2019-03-07T10:26:22+00:00\",\"dateModified\":\"2022-05-19T10:21:56+00:00\",\"breadcrumb\":{\"@id\":\"https:\/\/renaulac.fr\/diy\/projet\/interieur\/salle-de-bain\/sol\/#breadcrumb\"},\"inLanguage\":\"fr-FR\",\"potentialAction\":[{\"@type\":\"ReadAction\",\"target\":[\"https:\/\/renaulac.fr\/diy\/projet\/interieur\/salle-de-bain\/sol\/\"]}]},{\"@type\":\"BreadcrumbList\",\"@id\":\"https:\/\/renaulac.fr\/diy\/projet\/interieur\/salle-de-bain\/sol\/#breadcrumb\",\"itemListElement\":[{\"@type\":\"ListItem\",\"position\":1,\"name\":\"Startseite\",\"item\":\"https:\/\/renaulac.fr\/diy\/\"},{\"@type\":\"ListItem\",\"position\":2,\"name\":\"Projet\",\"item\":\"https:\/\/renaulac.fr\/diy\/projet\/\"},{\"@type\":\"ListItem\",\"position\":3,\"name\":\"Int\u00e9rieur\",\"item\":\"https:\/\/renaulac.fr\/diy\/projet\/interieur\/\"},{\"@type\":\"ListItem\",\"position\":4,\"name\":\"Salle de bain\",\"item\":\"https:\/\/renaulac.fr\/diy\/projet\/interieur\/salle-de-bain\/\"},{\"@type\":\"ListItem\",\"position\":5,\"name\":\"Sol\"}]},{\"@type\":\"WebSite\",\"@id\":\"https:\/\/renaulac.fr\/diy\/#website\",\"url\":\"https:\/\/renaulac.fr\/diy\/\",\"name\":\"RENAULAC Particulier\",\"description\":\"Maison fran\u00e7aise fond\u00e9e en 1827\",\"potentialAction\":[{\"@type\":\"SearchAction\",\"target\":{\"@type\":\"EntryPoint\",\"urlTemplate\":\"https:\/\/renaulac.fr\/diy\/?s={search_term_string}\"},\"query-input\":{\"@type\":\"PropertyValueSpecification\",\"valueRequired\":true,\"valueName\":\"search_term_string\"}}],\"inLanguage\":\"fr-FR\"}]}<\/script>\n<!-- \/ Yoast SEO plugin. -->","yoast_head_json":{"title":"Sol - RENAULAC Particulier","robots":{"index":"index","follow":"follow","max-snippet":"max-snippet:-1","max-image-preview":"max-image-preview:large","max-video-preview":"max-video-preview:-1"},"canonical":"https:\/\/renaulac.fr\/diy\/projet\/interieur\/salle-de-bain\/sol\/","og_locale":"fr_FR","og_type":"article","og_title":"Sol - RENAULAC Particulier","og_description":"\u27e8 Retour D\u00e9couvrez nos produits sp\u00e9cialement \u00e9labor\u00e9s pour votre sol","og_url":"https:\/\/renaulac.fr\/diy\/projet\/interieur\/salle-de-bain\/sol\/","og_site_name":"RENAULAC Particulier","article_modified_time":"2022-05-19T10:21:56+00:00","twitter_card":"summary_large_image","twitter_misc":{"Dur\u00e9e de lecture estim\u00e9e":"2 minutes"},"schema":{"@context":"https:\/\/schema.org","@graph":[{"@type":"WebPage","@id":"https:\/\/renaulac.fr\/diy\/projet\/interieur\/salle-de-bain\/sol\/","url":"https:\/\/renaulac.fr\/diy\/projet\/interieur\/salle-de-bain\/sol\/","name":"Sol - RENAULAC Particulier","isPartOf":{"@id":"https:\/\/renaulac.fr\/diy\/#website"},"datePublished":"2019-03-07T10:26:22+00:00","dateModified":"2022-05-19T10:21:56+00:00","breadcrumb":{"@id":"https:\/\/renaulac.fr\/diy\/projet\/interieur\/salle-de-bain\/sol\/#breadcrumb"},"inLanguage":"fr-FR","potentialAction":[{"@type":"ReadAction","target":["https:\/\/renaulac.fr\/diy\/projet\/interieur\/salle-de-bain\/sol\/"]}]},{"@type":"BreadcrumbList","@id":"https:\/\/renaulac.fr\/diy\/projet\/interieur\/salle-de-bain\/sol\/#breadcrumb","itemListElement":[{"@type":"ListItem","position":1,"name":"Startseite","item":"https:\/\/renaulac.fr\/diy\/"},{"@type":"ListItem","position":2,"name":"Projet","item":"https:\/\/renaulac.fr\/diy\/projet\/"},{"@type":"ListItem","position":3,"name":"Int\u00e9rieur","item":"https:\/\/renaulac.fr\/diy\/projet\/interieur\/"},{"@type":"ListItem","position":4,"name":"Salle de bain","item":"https:\/\/renaulac.fr\/diy\/projet\/interieur\/salle-de-bain\/"},{"@type":"ListItem","position":5,"name":"Sol"}]},{"@type":"WebSite","@id":"https:\/\/renaulac.fr\/diy\/#website","url":"https:\/\/renaulac.fr\/diy\/","name":"RENAULAC Particulier","description":"Maison fran\u00e7aise fond\u00e9e en 1827","potentialAction":[{"@type":"SearchAction","target":{"@type":"EntryPoint","urlTemplate":"https:\/\/renaulac.fr\/diy\/?s={search_term_string}"},"query-input":{"@type":"PropertyValueSpecification","valueRequired":true,"valueName":"search_term_string"}}],"inLanguage":"fr-FR"}]}},"_links":{"self":[{"href":"https:\/\/renaulac.fr\/diy\/wp-json\/wp\/v2\/pages\/2377","targetHints":{"allow":["GET"]}}],"collection":[{"href":"https:\/\/renaulac.fr\/diy\/wp-json\/wp\/v2\/pages"}],"about":[{"href":"https:\/\/renaulac.fr\/diy\/wp-json\/wp\/v2\/types\/page"}],"author":[{"embeddable":true,"href":"https:\/\/renaulac.fr\/diy\/wp-json\/wp\/v2\/users\/1"}],"replies":[{"embeddable":true,"href":"https:\/\/renaulac.fr\/diy\/wp-json\/wp\/v2\/comments?post=2377"}],"version-history":[{"count":1,"href":"https:\/\/renaulac.fr\/diy\/wp-json\/wp\/v2\/pages\/2377\/revisions"}],"predecessor-version":[{"id":6543,"href":"https:\/\/renaulac.fr\/diy\/wp-json\/wp\/v2\/pages\/2377\/revisions\/6543"}],"up":[{"embeddable":true,"href":"https:\/\/renaulac.fr\/diy\/wp-json\/wp\/v2\/pages\/2137"}],"wp:attachment":[{"href":"https:\/\/renaulac.fr\/diy\/wp-json\/wp\/v2\/media?parent=2377"}],"curies":[{"name":"wp","href":"https:\/\/api.w.org\/{rel}","templated":true}]}}