{"id":421,"date":"2019-01-24T11:53:47","date_gmt":"2019-01-24T10:53:47","guid":{"rendered":"https:\/\/renaulac.fr\/diy\/?page_id=421"},"modified":"2022-05-19T11:45:11","modified_gmt":"2022-05-19T09:45:11","slug":"comment-peindre-un-mur-sans-trace","status":"publish","type":"page","link":"https:\/\/renaulac.fr\/diy\/conseils\/comment-peindre-un-mur-sans-trace\/","title":{"rendered":"Comment peindre un mur sans trace ?"},"content":{"rendered":"<p>[et_pb_section fb_built=\u00a0\u00bb1&Prime; _builder_version=\u00a0\u00bb3.22&Prime; background_image=\u00a0\u00bbhttps:\/\/renaulac.fr\/diy\/wp-content\/uploads\/sites\/4\/2019\/01\/renaulac_website_diy_conseil_header.jpg\u00a0\u00bb custom_margin=\u00a0\u00bb0px||0px|\u00a0\u00bb custom_margin_tablet=\u00a0\u00bb\u00a0\u00bb custom_margin_phone=\u00a0\u00bb\u00a0\u00bb custom_margin_last_edited=\u00a0\u00bbon|desktop\u00a0\u00bb custom_padding=\u00a0\u00bb0px||0px|\u00a0\u00bb global_colors_info=\u00a0\u00bb{}\u00a0\u00bb][et_pb_row _builder_version=\u00a0\u00bb3.25&Prime; custom_padding=\u00a0\u00bb0px||0px|\u00a0\u00bb global_colors_info=\u00a0\u00bb{}\u00a0\u00bb][et_pb_column type=\u00a0\u00bb4_4&Prime; _builder_version=\u00a0\u00bb3.25&Prime; custom_padding=\u00a0\u00bb|||\u00a0\u00bb global_colors_info=\u00a0\u00bb{}\u00a0\u00bb custom_padding__hover=\u00a0\u00bb|||\u00a0\u00bb][et_pb_text admin_label=\u00a0\u00bbButton %22Retour%22&Prime; _builder_version=\u00a0\u00bb3.27.4&Prime; custom_margin=\u00a0\u00bb40px|||\u00a0\u00bb custom_margin_tablet=\u00a0\u00bb\u00a0\u00bb custom_margin_phone=\u00a0\u00bb\u00a0\u00bb custom_margin_last_edited=\u00a0\u00bbon|desktop\u00a0\u00bb global_colors_info=\u00a0\u00bb{}\u00a0\u00bb]<\/p>\n<div class=\"retour\"><a href=\"https:\/\/renaulac.fr\/diy\/conseils\">\u27e8 Retour<\/a><\/div>\n<p>[\/et_pb_text][et_pb_text admin_label=\u00a0\u00bbHeadline %22Comment peindre un mur sans trace ?%22&Prime; _builder_version=\u00a0\u00bb3.27.4&Prime; text_orientation=\u00a0\u00bbcenter\u00a0\u00bb custom_margin=\u00a0\u00bb150px||200px|\u00a0\u00bb global_colors_info=\u00a0\u00bb{}\u00a0\u00bb]<\/p>\n<h1>Comment peindre un mur sans trace ?<\/h1>\n<p>[\/et_pb_text][\/et_pb_column][\/et_pb_row][\/et_pb_section][et_pb_section fb_built=\u00a0\u00bb1&Prime; _builder_version=\u00a0\u00bb3.19.4&Prime; background_color=\u00a0\u00bb#000000&Prime; custom_margin=\u00a0\u00bb0px||80px|\u00a0\u00bb custom_margin_tablet=\u00a0\u00bb0px||60px|\u00a0\u00bb custom_margin_phone=\u00a0\u00bb0px||40px|\u00a0\u00bb custom_margin_last_edited=\u00a0\u00bbon|phone\u00a0\u00bb custom_padding=\u00a0\u00bb5%||5%|\u00a0\u00bb global_module=\u00a0\u00bb479&Prime; global_colors_info=\u00a0\u00bb{}\u00a0\u00bb][et_pb_row _builder_version=\u00a0\u00bb3.25&Prime; custom_padding=\u00a0\u00bb0px||0px|\u00a0\u00bb global_colors_info=\u00a0\u00bb{}\u00a0\u00bb][et_pb_column type=\u00a0\u00bb4_4&Prime; _builder_version=\u00a0\u00bb3.25&Prime; custom_padding=\u00a0\u00bb|||\u00a0\u00bb global_colors_info=\u00a0\u00bb{}\u00a0\u00bb custom_padding__hover=\u00a0\u00bb|||\u00a0\u00bb][et_pb_text admin_label=\u00a0\u00bbIntroduction %22Avant toutes choses&#8230;%22&Prime; _builder_version=\u00a0\u00bb3.27.4&Prime; background_layout=\u00a0\u00bbdark\u00a0\u00bb custom_padding=\u00a0\u00bb||0px|\u00a0\u00bb global_colors_info=\u00a0\u00bb{}\u00a0\u00bb]<\/p>\n<h3>Avant toutes choses, n\u2019oubliez pas de bien respecter les conditions id\u00e9ales pour peindre, \u00e0 savoir une temp\u00e9rature comprise entre 10\u00b0C et 25\u00b0C sans courant d\u2019air.<\/h3>\n<p>[\/et_pb_text][\/et_pb_column][\/et_pb_row][\/et_pb_section][et_pb_section fb_built=\u00a0\u00bb1&Prime; _builder_version=\u00a0\u00bb3.22&Prime; custom_margin=\u00a0\u00bb0px||80px|\u00a0\u00bb custom_margin_tablet=\u00a0\u00bb0px||60px|\u00a0\u00bb custom_margin_phone=\u00a0\u00bb0px||40px|\u00a0\u00bb custom_margin_last_edited=\u00a0\u00bbon|phone\u00a0\u00bb custom_padding=\u00a0\u00bb0px||0px|\u00a0\u00bb global_colors_info=\u00a0\u00bb{}\u00a0\u00bb][et_pb_row make_equal=\u00a0\u00bbon\u00a0\u00bb _builder_version=\u00a0\u00bb3.25&Prime; background_image=\u00a0\u00bbhttps:\/\/renaulac.fr\/diy\/wp-content\/uploads\/sites\/4\/2019\/01\/renaulac_website_diy_conseil_content_murs_sans_trace.jpg\u00a0\u00bb custom_margin=\u00a0\u00bb0px||80px|\u00a0\u00bb custom_padding=\u00a0\u00bb0px||0px|\u00a0\u00bb global_colors_info=\u00a0\u00bb{}\u00a0\u00bb][et_pb_column type=\u00a0\u00bb4_4&Prime; _builder_version=\u00a0\u00bb3.25&Prime; custom_padding=\u00a0\u00bb|||\u00a0\u00bb global_colors_info=\u00a0\u00bb{}\u00a0\u00bb custom_padding__hover=\u00a0\u00bb|||\u00a0\u00bb][et_pb_image src=\u00a0\u00bbhttps:\/\/renaulac.fr\/diy\/wp-content\/uploads\/sites\/4\/2019\/01\/renaulac_website_diy_conseil_content_murs_sans_trace.jpg\u00a0\u00bb align_tablet=\u00a0\u00bbcenter\u00a0\u00bb align_last_edited=\u00a0\u00bbon|desktop\u00a0\u00bb _builder_version=\u00a0\u00bb3.23&Prime; global_colors_info=\u00a0\u00bb{}\u00a0\u00bb][\/et_pb_image][\/et_pb_column][\/et_pb_row][et_pb_row make_equal=\u00a0\u00bbon\u00a0\u00bb _builder_version=\u00a0\u00bb3.25&Prime; custom_margin=\u00a0\u00bb0px||0px|\u00a0\u00bb custom_padding=\u00a0\u00bb0px||0px|\u00a0\u00bb global_colors_info=\u00a0\u00bb{}\u00a0\u00bb column_structure=\u00a0\u00bb1_2,1_2&Prime;][et_pb_column type=\u00a0\u00bb1_2&Prime; _builder_version=\u00a0\u00bb3.25&Prime; custom_padding=\u00a0\u00bb|||\u00a0\u00bb global_colors_info=\u00a0\u00bb{}\u00a0\u00bb custom_padding__hover=\u00a0\u00bb|||\u00a0\u00bb][et_pb_text admin_label=\u00a0\u00bbText %221 \u2013 Je pr\u00e9pare%22&Prime; _builder_version=\u00a0\u00bb3.27.4&Prime; global_colors_info=\u00a0\u00bb{}\u00a0\u00bb]<\/p>\n<div class=\"headline2bold\">1 \u2013 Je pr\u00e9pare<\/div>\n<ul>\n<li class=\"O2\">\n<div class=\"O2\">Placez une b\u00e2che pour prot\u00e9ger le sol et les meubles, retirez les rideaux, cache prises, poign\u00e9es\u2026\u00a0 Puis d\u00e9limitez avec un ruban de masquage les surfaces \u00e0 ne pas peindre.<\/div>\n<\/li>\n<li class=\"O2\">\n<div class=\"O2\">Rebouchez les trous et fissures \u00e0 l\u2019aide d\u2019un enduit si n\u00e9cessaire. Poncez l\u00e9g\u00e8rement les surfaces non lisses et les boiseries afin de faciliter l\u2019accroche de la peinture. \u00c9liminez la salet\u00e9, la poussi\u00e8re et les taches de graisse avec de l&rsquo;eau, un peu de produit vaisselle doux et une \u00e9ponge. Rincez les murs \u00e0 l&rsquo;eau propre de fa\u00e7on \u00e0 \u00e9liminer les r\u00e9sidus de savon. Disposer le ruban de masquage sur les zones \u00e0 prot\u00e9ger.<\/div>\n<\/li>\n<li class=\"O2\">\n<div class=\"O2\">Bien m\u00e9langer la peinture avant application.<\/div>\n<\/li>\n<\/ul>\n<p>[\/et_pb_text][\/et_pb_column][et_pb_column type=\u00a0\u00bb1_2&Prime; _builder_version=\u00a0\u00bb3.25&Prime; custom_padding=\u00a0\u00bb|||\u00a0\u00bb global_colors_info=\u00a0\u00bb{}\u00a0\u00bb custom_padding__hover=\u00a0\u00bb|||\u00a0\u00bb][et_pb_text admin_label=\u00a0\u00bbText %222 \u2013 Je peins%22&Prime; _builder_version=\u00a0\u00bb3.27.4&Prime; global_colors_info=\u00a0\u00bb{}\u00a0\u00bb]<\/p>\n<div class=\"headline2bold\">2 \u2013 Je peins<\/div>\n<ul>\n<li>Si vous devez peindre votre plafondet vos murs, commencer toujours par votre plafond.<\/li>\n<li>Commencer par faire tous les angles avec un pinceau \u00e0 rechampir.<\/li>\n<li>Pour la surface principale, utiliser un rouleau.<\/li>\n<li>Travailler de fa\u00e7on m\u00e9thodique par zone de 1m sur 1m en commen\u00e7ant par le haut du mur, puis le bas etc.<\/li>\n<li>Bien charger le rouleau et commencer par des passes verticales puis horizontales et finissez par une derni\u00e8re passe de bas en haut pour lisser.<\/li>\n<\/ul>\n<p>[\/et_pb_text][\/et_pb_column][\/et_pb_row][\/et_pb_section][et_pb_section fb_built=\u00a0\u00bb1&Prime; disabled_on=\u00a0\u00bboff|off|\u00a0\u00bb _builder_version=\u00a0\u00bb3.22&Prime; max_width=\u00a0\u00bb1200px\u00a0\u00bb module_alignment=\u00a0\u00bbcenter\u00a0\u00bb custom_margin=\u00a0\u00bb0px||20px|\u00a0\u00bb custom_margin_tablet=\u00a0\u00bb60px||0px|\u00a0\u00bb custom_margin_phone=\u00a0\u00bb40px||0px|\u00a0\u00bb custom_margin_last_edited=\u00a0\u00bbon|phone\u00a0\u00bb custom_padding=\u00a0\u00bb0px||0px|\u00a0\u00bb global_colors_info=\u00a0\u00bb{}\u00a0\u00bb][et_pb_row _builder_version=\u00a0\u00bb3.25&Prime; width=\u00a0\u00bb100%\u00a0\u00bb max_width=\u00a0\u00bb100%\u00a0\u00bb custom_padding=\u00a0\u00bb0px||0px|\u00a0\u00bb use_custom_width=\u00a0\u00bbon\u00a0\u00bb width_unit=\u00a0\u00bboff\u00a0\u00bb custom_width_percent=\u00a0\u00bb100%\u00a0\u00bb global_colors_info=\u00a0\u00bb{}\u00a0\u00bb column_structure=\u00a0\u00bb1_2,1_2&Prime;][et_pb_column type=\u00a0\u00bb1_2&Prime; _builder_version=\u00a0\u00bb3.25&Prime; background_image=\u00a0\u00bbhttps:\/\/renaulac.fr\/diy\/wp-content\/uploads\/sites\/4\/2019\/01\/renaulac_website_diy_conseil_teaser_plafonds_sans_trace.jpg\u00a0\u00bb custom_padding=\u00a0\u00bb|||\u00a0\u00bb global_colors_info=\u00a0\u00bb{}\u00a0\u00bb custom_padding__hover=\u00a0\u00bb|||\u00a0\u00bb][et_pb_text admin_label=\u00a0\u00bbHeadline %22Comment peindre un plafond sans trace ?%22&Prime; _builder_version=\u00a0\u00bb3.27.4&Prime; text_orientation=\u00a0\u00bbcenter\u00a0\u00bb custom_margin=\u00a0\u00bb150px||15px|\u00a0\u00bb custom_margin_tablet=\u00a0\u00bb50px||50px|\u00a0\u00bb custom_margin_phone=\u00a0\u00bb\u00a0\u00bb custom_margin_last_edited=\u00a0\u00bbon|desktop\u00a0\u00bb custom_padding=\u00a0\u00bb|10%||10%\u00a0\u00bb global_colors_info=\u00a0\u00bb{}\u00a0\u00bb]<\/p>\n<div class=\"headline2bold\">Comment peindre un plafond sans trace ?<\/div>\n<p>[\/et_pb_text][et_pb_button button_url=\u00a0\u00bbhttps:\/\/renaulac.fr\/diy\/conseils\/comment-peindre-un-plafond-sans-trace\/\u00a0\u00bb button_text=\u00a0\u00bbD\u00e9couvrir \u203a\u00a0\u00bb button_alignment=\u00a0\u00bbcenter\u00a0\u00bb admin_label=\u00a0\u00bbButton %22D\u00e9couvrir \u203a%22&Prime; _builder_version=\u00a0\u00bb3.21.4&Prime; custom_button=\u00a0\u00bbon\u00a0\u00bb button_text_color=\u00a0\u00bb#000000&Prime; button_bg_color=\u00a0\u00bb#ffffff\u00a0\u00bb button_border_width=\u00a0\u00bb0px\u00a0\u00bb button_border_color=\u00a0\u00bb#ffffff\u00a0\u00bb button_border_radius=\u00a0\u00bb15&Prime; button_use_icon=\u00a0\u00bboff\u00a0\u00bb custom_margin=\u00a0\u00bb||150px|\u00a0\u00bb custom_margin_tablet=\u00a0\u00bb||30px|\u00a0\u00bb custom_margin_phone=\u00a0\u00bb\u00a0\u00bb custom_margin_last_edited=\u00a0\u00bbon|phone\u00a0\u00bb saved_tabs=\u00a0\u00bball\u00a0\u00bb global_colors_info=\u00a0\u00bb{}\u00a0\u00bb button_text_color__hover_enabled=\u00a0\u00bbon\u00a0\u00bb button_text_color__hover=\u00a0\u00bb#ffffff\u00a0\u00bb button_bg_color__hover_enabled=\u00a0\u00bbon\u00a0\u00bb button_bg_color__hover=\u00a0\u00bb#000000&Prime; button_border_color__hover_enabled=\u00a0\u00bbon\u00a0\u00bb button_border_color__hover=\u00a0\u00bb#000000&Prime;][\/et_pb_button][\/et_pb_column][et_pb_column type=\u00a0\u00bb1_2&Prime; _builder_version=\u00a0\u00bb3.25&Prime; background_color=\u00a0\u00bb#ffffff\u00a0\u00bb background_image=\u00a0\u00bbhttps:\/\/renaulac.fr\/diy\/wp-content\/uploads\/sites\/4\/2019\/01\/renaulac_website_diy_conseil_teaser_meuble.jpg\u00a0\u00bb custom_padding=\u00a0\u00bb|||\u00a0\u00bb global_colors_info=\u00a0\u00bb{}\u00a0\u00bb custom_padding__hover=\u00a0\u00bb|||\u00a0\u00bb][et_pb_text admin_label=\u00a0\u00bbHeadline %22Comment peindre un meuble en bois ?%22&Prime; _builder_version=\u00a0\u00bb3.27.4&Prime; text_orientation=\u00a0\u00bbcenter\u00a0\u00bb custom_margin=\u00a0\u00bb150px||15px|\u00a0\u00bb custom_margin_tablet=\u00a0\u00bb50px||50px|\u00a0\u00bb custom_margin_phone=\u00a0\u00bb\u00a0\u00bb custom_margin_last_edited=\u00a0\u00bbon|desktop\u00a0\u00bb custom_padding=\u00a0\u00bb|10%||10%\u00a0\u00bb global_colors_info=\u00a0\u00bb{}\u00a0\u00bb]<\/p>\n<div class=\"headline2bold\">Comment peindre un meuble en bois ?<\/div>\n<p>[\/et_pb_text][et_pb_button button_url=\u00a0\u00bbhttps:\/\/renaulac.fr\/diy\/conseils\/comment-peindre-un-meuble-en-bois\/\u00a0\u00bb button_text=\u00a0\u00bbD\u00e9couvrir \u203a\u00a0\u00bb button_alignment=\u00a0\u00bbcenter\u00a0\u00bb admin_label=\u00a0\u00bbButton %22D\u00e9couvrir \u203a%22&Prime; _builder_version=\u00a0\u00bb3.21.4&Prime; custom_button=\u00a0\u00bbon\u00a0\u00bb button_text_color=\u00a0\u00bb#000000&Prime; button_bg_color=\u00a0\u00bb#ffffff\u00a0\u00bb button_border_width=\u00a0\u00bb0px\u00a0\u00bb button_border_color=\u00a0\u00bb#ffffff\u00a0\u00bb button_border_radius=\u00a0\u00bb15&Prime; button_use_icon=\u00a0\u00bboff\u00a0\u00bb custom_margin=\u00a0\u00bb||150px|\u00a0\u00bb custom_margin_tablet=\u00a0\u00bb||30px|\u00a0\u00bb custom_margin_phone=\u00a0\u00bb\u00a0\u00bb custom_margin_last_edited=\u00a0\u00bbon|phone\u00a0\u00bb saved_tabs=\u00a0\u00bball\u00a0\u00bb global_colors_info=\u00a0\u00bb{}\u00a0\u00bb button_text_color__hover_enabled=\u00a0\u00bbon\u00a0\u00bb button_text_color__hover=\u00a0\u00bb#ffffff\u00a0\u00bb button_bg_color__hover_enabled=\u00a0\u00bbon\u00a0\u00bb button_bg_color__hover=\u00a0\u00bb#000000&Prime; button_border_color__hover_enabled=\u00a0\u00bbon\u00a0\u00bb button_border_color__hover=\u00a0\u00bb#000000&Prime;][\/et_pb_button][\/et_pb_column][\/et_pb_row][\/et_pb_section][et_pb_section fb_built=\u00a0\u00bb1&Prime; disabled_on=\u00a0\u00bboff|off|\u00a0\u00bb _builder_version=\u00a0\u00bb3.22&Prime; max_width=\u00a0\u00bb1200px\u00a0\u00bb module_alignment=\u00a0\u00bbcenter\u00a0\u00bb custom_margin=\u00a0\u00bb35px||80px|\u00a0\u00bb custom_margin_tablet=\u00a0\u00bb35px||60px|\u00a0\u00bb custom_margin_phone=\u00a0\u00bb35px||40px|\u00a0\u00bb custom_margin_last_edited=\u00a0\u00bbon|phone\u00a0\u00bb custom_padding=\u00a0\u00bb0px||0px|\u00a0\u00bb global_colors_info=\u00a0\u00bb{}\u00a0\u00bb][et_pb_row _builder_version=\u00a0\u00bb3.25&Prime; width=\u00a0\u00bb100%\u00a0\u00bb max_width=\u00a0\u00bb100%\u00a0\u00bb custom_padding=\u00a0\u00bb0px||0px|\u00a0\u00bb use_custom_width=\u00a0\u00bbon\u00a0\u00bb width_unit=\u00a0\u00bboff\u00a0\u00bb custom_width_percent=\u00a0\u00bb100%\u00a0\u00bb global_colors_info=\u00a0\u00bb{}\u00a0\u00bb column_structure=\u00a0\u00bb1_2,1_2&Prime;][et_pb_column type=\u00a0\u00bb1_2&Prime; _builder_version=\u00a0\u00bb3.25&Prime; background_image=\u00a0\u00bbhttps:\/\/renaulac.fr\/diy\/wp-content\/uploads\/sites\/4\/2019\/01\/renaulac_website_diy_conseil_teaser_porte.jpg\u00a0\u00bb custom_padding=\u00a0\u00bb|||\u00a0\u00bb global_colors_info=\u00a0\u00bb{}\u00a0\u00bb custom_padding__hover=\u00a0\u00bb|||\u00a0\u00bb][et_pb_text admin_label=\u00a0\u00bbHeadline %22Comment peindre une porte ?%22&Prime; _builder_version=\u00a0\u00bb3.27.4&Prime; text_orientation=\u00a0\u00bbcenter\u00a0\u00bb custom_margin=\u00a0\u00bb150px||15px|\u00a0\u00bb custom_margin_tablet=\u00a0\u00bb50px||50px|\u00a0\u00bb custom_margin_phone=\u00a0\u00bb\u00a0\u00bb custom_margin_last_edited=\u00a0\u00bbon|desktop\u00a0\u00bb custom_padding=\u00a0\u00bb|10%||10%\u00a0\u00bb global_colors_info=\u00a0\u00bb{}\u00a0\u00bb]<\/p>\n<div class=\"headline2bold\">Comment peindre une porte ?<\/div>\n<p>[\/et_pb_text][et_pb_button button_url=\u00a0\u00bbhttps:\/\/renaulac.fr\/diy\/conseils\/comment-peindre-une-porte\/\u00a0\u00bb button_text=\u00a0\u00bbD\u00e9couvrir \u203a\u00a0\u00bb button_alignment=\u00a0\u00bbcenter\u00a0\u00bb admin_label=\u00a0\u00bbButton %22D\u00e9couvrir \u203a%22&Prime; _builder_version=\u00a0\u00bb3.21.4&Prime; custom_button=\u00a0\u00bbon\u00a0\u00bb button_text_color=\u00a0\u00bb#000000&Prime; button_bg_color=\u00a0\u00bb#ffffff\u00a0\u00bb button_border_width=\u00a0\u00bb0px\u00a0\u00bb button_border_color=\u00a0\u00bb#ffffff\u00a0\u00bb button_border_radius=\u00a0\u00bb15&Prime; button_use_icon=\u00a0\u00bboff\u00a0\u00bb custom_margin=\u00a0\u00bb||150px|\u00a0\u00bb custom_margin_tablet=\u00a0\u00bb||30px|\u00a0\u00bb custom_margin_phone=\u00a0\u00bb\u00a0\u00bb custom_margin_last_edited=\u00a0\u00bbon|phone\u00a0\u00bb saved_tabs=\u00a0\u00bball\u00a0\u00bb global_colors_info=\u00a0\u00bb{}\u00a0\u00bb button_text_color__hover_enabled=\u00a0\u00bbon\u00a0\u00bb button_text_color__hover=\u00a0\u00bb#ffffff\u00a0\u00bb button_bg_color__hover_enabled=\u00a0\u00bbon\u00a0\u00bb button_bg_color__hover=\u00a0\u00bb#000000&Prime; button_border_color__hover_enabled=\u00a0\u00bbon\u00a0\u00bb button_border_color__hover=\u00a0\u00bb#000000&Prime;][\/et_pb_button][\/et_pb_column][et_pb_column type=\u00a0\u00bb1_2&Prime; _builder_version=\u00a0\u00bb3.25&Prime; background_color=\u00a0\u00bb#ffffff\u00a0\u00bb background_image=\u00a0\u00bbhttps:\/\/renaulac.fr\/diy\/wp-content\/uploads\/sites\/4\/2019\/01\/renaulac_website_diy_conseil_teaser_radiateur.jpg\u00a0\u00bb custom_padding=\u00a0\u00bb|||\u00a0\u00bb global_colors_info=\u00a0\u00bb{}\u00a0\u00bb custom_padding__hover=\u00a0\u00bb|||\u00a0\u00bb][et_pb_text admin_label=\u00a0\u00bbHeadline %22Comment peindre un radiateur ?%22&Prime; _builder_version=\u00a0\u00bb3.27.4&Prime; text_orientation=\u00a0\u00bbcenter\u00a0\u00bb custom_margin=\u00a0\u00bb150px||15px|\u00a0\u00bb custom_margin_tablet=\u00a0\u00bb50px||50px|\u00a0\u00bb custom_margin_phone=\u00a0\u00bb\u00a0\u00bb custom_margin_last_edited=\u00a0\u00bbon|desktop\u00a0\u00bb custom_padding=\u00a0\u00bb|10%||10%\u00a0\u00bb global_colors_info=\u00a0\u00bb{}\u00a0\u00bb]<\/p>\n<div class=\"headline2bold\">Comment peindre un radiateur ?<\/div>\n<p>[\/et_pb_text][et_pb_button button_url=\u00a0\u00bbhttps:\/\/renaulac.fr\/diy\/conseils\/comment-peindre-un-radiateur\/\u00a0\u00bb button_text=\u00a0\u00bbD\u00e9couvrir \u203a\u00a0\u00bb button_alignment=\u00a0\u00bbcenter\u00a0\u00bb admin_label=\u00a0\u00bbButton %22D\u00e9couvrir \u203a%22&Prime; _builder_version=\u00a0\u00bb3.21.4&Prime; custom_button=\u00a0\u00bbon\u00a0\u00bb button_text_color=\u00a0\u00bb#000000&Prime; button_bg_color=\u00a0\u00bb#ffffff\u00a0\u00bb button_border_width=\u00a0\u00bb0px\u00a0\u00bb button_border_color=\u00a0\u00bb#ffffff\u00a0\u00bb button_border_radius=\u00a0\u00bb15&Prime; button_use_icon=\u00a0\u00bboff\u00a0\u00bb custom_margin=\u00a0\u00bb||150px|\u00a0\u00bb custom_margin_tablet=\u00a0\u00bb||30px|\u00a0\u00bb custom_margin_phone=\u00a0\u00bb\u00a0\u00bb custom_margin_last_edited=\u00a0\u00bbon|phone\u00a0\u00bb saved_tabs=\u00a0\u00bball\u00a0\u00bb global_colors_info=\u00a0\u00bb{}\u00a0\u00bb button_text_color__hover_enabled=\u00a0\u00bbon\u00a0\u00bb button_text_color__hover=\u00a0\u00bb#ffffff\u00a0\u00bb button_bg_color__hover_enabled=\u00a0\u00bbon\u00a0\u00bb button_bg_color__hover=\u00a0\u00bb#000000&Prime; button_border_color__hover_enabled=\u00a0\u00bbon\u00a0\u00bb button_border_color__hover=\u00a0\u00bb#000000&Prime;][\/et_pb_button][\/et_pb_column][\/et_pb_row][\/et_pb_section]<\/p>\n","protected":false},"excerpt":{"rendered":"<p>\u27e8 Retour Comment peindre un mur sans trace ? Avant toutes choses, n\u2019oubliez pas de bien respecter les conditions id\u00e9ales pour peindre, \u00e0 savoir une temp\u00e9rature comprise entre 10\u00b0C et 25\u00b0C sans courant d\u2019air.1 \u2013 Je pr\u00e9pare Placez une b\u00e2che pour prot\u00e9ger le sol et les meubles, retirez les rideaux, cache prises, poign\u00e9es\u2026\u00a0 Puis d\u00e9limitez [&hellip;]<\/p>\n","protected":false},"author":1,"featured_media":0,"parent":229,"menu_order":0,"comment_status":"closed","ping_status":"closed","template":"","meta":{"_et_pb_use_builder":"on","_et_pb_old_content":"","_et_gb_content_width":"","footnotes":""},"class_list":["post-421","page","type-page","status-publish","hentry"],"yoast_head":"<!-- This site is optimized with the Yoast SEO plugin v26.4 - https:\/\/yoast.com\/wordpress\/plugins\/seo\/ -->\n<title>Comment peindre un mur sans trace ? - RENAULAC Particulier<\/title>\n<meta name=\"robots\" content=\"index, follow, max-snippet:-1, max-image-preview:large, max-video-preview:-1\" \/>\n<link rel=\"canonical\" href=\"https:\/\/renaulac.fr\/diy\/conseils\/comment-peindre-un-mur-sans-trace\/\" \/>\n<meta property=\"og:locale\" content=\"fr_FR\" \/>\n<meta property=\"og:type\" content=\"article\" \/>\n<meta property=\"og:title\" content=\"Comment peindre un mur sans trace ? - RENAULAC Particulier\" \/>\n<meta property=\"og:description\" content=\"\u27e8 Retour Comment peindre un mur sans trace ? Avant toutes choses, n\u2019oubliez pas de bien respecter les conditions id\u00e9ales pour peindre, \u00e0 savoir une temp\u00e9rature comprise entre 10\u00b0C et 25\u00b0C sans courant d\u2019air.1 \u2013 Je pr\u00e9pare Placez une b\u00e2che pour prot\u00e9ger le sol et les meubles, retirez les rideaux, cache prises, poign\u00e9es\u2026\u00a0 Puis d\u00e9limitez [&hellip;]\" \/>\n<meta property=\"og:url\" content=\"https:\/\/renaulac.fr\/diy\/conseils\/comment-peindre-un-mur-sans-trace\/\" \/>\n<meta property=\"og:site_name\" content=\"RENAULAC Particulier\" \/>\n<meta property=\"article:modified_time\" content=\"2022-05-19T09:45:11+00:00\" \/>\n<meta name=\"twitter:card\" content=\"summary_large_image\" \/>\n<meta name=\"twitter:label1\" content=\"Dur\u00e9e de lecture estim\u00e9e\" \/>\n\t<meta name=\"twitter:data1\" content=\"8 minutes\" \/>\n<script type=\"application\/ld+json\" class=\"yoast-schema-graph\">{\"@context\":\"https:\/\/schema.org\",\"@graph\":[{\"@type\":\"WebPage\",\"@id\":\"https:\/\/renaulac.fr\/diy\/conseils\/comment-peindre-un-mur-sans-trace\/\",\"url\":\"https:\/\/renaulac.fr\/diy\/conseils\/comment-peindre-un-mur-sans-trace\/\",\"name\":\"Comment peindre un mur sans trace ? - RENAULAC Particulier\",\"isPartOf\":{\"@id\":\"https:\/\/renaulac.fr\/diy\/#website\"},\"datePublished\":\"2019-01-24T10:53:47+00:00\",\"dateModified\":\"2022-05-19T09:45:11+00:00\",\"breadcrumb\":{\"@id\":\"https:\/\/renaulac.fr\/diy\/conseils\/comment-peindre-un-mur-sans-trace\/#breadcrumb\"},\"inLanguage\":\"fr-FR\",\"potentialAction\":[{\"@type\":\"ReadAction\",\"target\":[\"https:\/\/renaulac.fr\/diy\/conseils\/comment-peindre-un-mur-sans-trace\/\"]}]},{\"@type\":\"BreadcrumbList\",\"@id\":\"https:\/\/renaulac.fr\/diy\/conseils\/comment-peindre-un-mur-sans-trace\/#breadcrumb\",\"itemListElement\":[{\"@type\":\"ListItem\",\"position\":1,\"name\":\"Startseite\",\"item\":\"https:\/\/renaulac.fr\/diy\/\"},{\"@type\":\"ListItem\",\"position\":2,\"name\":\"Conseils\",\"item\":\"https:\/\/renaulac.fr\/diy\/conseils\/\"},{\"@type\":\"ListItem\",\"position\":3,\"name\":\"Comment peindre un mur sans trace ?\"}]},{\"@type\":\"WebSite\",\"@id\":\"https:\/\/renaulac.fr\/diy\/#website\",\"url\":\"https:\/\/renaulac.fr\/diy\/\",\"name\":\"RENAULAC Particulier\",\"description\":\"Maison fran\u00e7aise fond\u00e9e en 1827\",\"potentialAction\":[{\"@type\":\"SearchAction\",\"target\":{\"@type\":\"EntryPoint\",\"urlTemplate\":\"https:\/\/renaulac.fr\/diy\/?s={search_term_string}\"},\"query-input\":{\"@type\":\"PropertyValueSpecification\",\"valueRequired\":true,\"valueName\":\"search_term_string\"}}],\"inLanguage\":\"fr-FR\"}]}<\/script>\n<!-- \/ Yoast SEO plugin. -->","yoast_head_json":{"title":"Comment peindre un mur sans trace ? - RENAULAC Particulier","robots":{"index":"index","follow":"follow","max-snippet":"max-snippet:-1","max-image-preview":"max-image-preview:large","max-video-preview":"max-video-preview:-1"},"canonical":"https:\/\/renaulac.fr\/diy\/conseils\/comment-peindre-un-mur-sans-trace\/","og_locale":"fr_FR","og_type":"article","og_title":"Comment peindre un mur sans trace ? - RENAULAC Particulier","og_description":"\u27e8 Retour Comment peindre un mur sans trace ? Avant toutes choses, n\u2019oubliez pas de bien respecter les conditions id\u00e9ales pour peindre, \u00e0 savoir une temp\u00e9rature comprise entre 10\u00b0C et 25\u00b0C sans courant d\u2019air.1 \u2013 Je pr\u00e9pare Placez une b\u00e2che pour prot\u00e9ger le sol et les meubles, retirez les rideaux, cache prises, poign\u00e9es\u2026\u00a0 Puis d\u00e9limitez [&hellip;]","og_url":"https:\/\/renaulac.fr\/diy\/conseils\/comment-peindre-un-mur-sans-trace\/","og_site_name":"RENAULAC Particulier","article_modified_time":"2022-05-19T09:45:11+00:00","twitter_card":"summary_large_image","twitter_misc":{"Dur\u00e9e de lecture estim\u00e9e":"8 minutes"},"schema":{"@context":"https:\/\/schema.org","@graph":[{"@type":"WebPage","@id":"https:\/\/renaulac.fr\/diy\/conseils\/comment-peindre-un-mur-sans-trace\/","url":"https:\/\/renaulac.fr\/diy\/conseils\/comment-peindre-un-mur-sans-trace\/","name":"Comment peindre un mur sans trace ? - RENAULAC Particulier","isPartOf":{"@id":"https:\/\/renaulac.fr\/diy\/#website"},"datePublished":"2019-01-24T10:53:47+00:00","dateModified":"2022-05-19T09:45:11+00:00","breadcrumb":{"@id":"https:\/\/renaulac.fr\/diy\/conseils\/comment-peindre-un-mur-sans-trace\/#breadcrumb"},"inLanguage":"fr-FR","potentialAction":[{"@type":"ReadAction","target":["https:\/\/renaulac.fr\/diy\/conseils\/comment-peindre-un-mur-sans-trace\/"]}]},{"@type":"BreadcrumbList","@id":"https:\/\/renaulac.fr\/diy\/conseils\/comment-peindre-un-mur-sans-trace\/#breadcrumb","itemListElement":[{"@type":"ListItem","position":1,"name":"Startseite","item":"https:\/\/renaulac.fr\/diy\/"},{"@type":"ListItem","position":2,"name":"Conseils","item":"https:\/\/renaulac.fr\/diy\/conseils\/"},{"@type":"ListItem","position":3,"name":"Comment peindre un mur sans trace ?"}]},{"@type":"WebSite","@id":"https:\/\/renaulac.fr\/diy\/#website","url":"https:\/\/renaulac.fr\/diy\/","name":"RENAULAC Particulier","description":"Maison fran\u00e7aise fond\u00e9e en 1827","potentialAction":[{"@type":"SearchAction","target":{"@type":"EntryPoint","urlTemplate":"https:\/\/renaulac.fr\/diy\/?s={search_term_string}"},"query-input":{"@type":"PropertyValueSpecification","valueRequired":true,"valueName":"search_term_string"}}],"inLanguage":"fr-FR"}]}},"_links":{"self":[{"href":"https:\/\/renaulac.fr\/diy\/wp-json\/wp\/v2\/pages\/421","targetHints":{"allow":["GET"]}}],"collection":[{"href":"https:\/\/renaulac.fr\/diy\/wp-json\/wp\/v2\/pages"}],"about":[{"href":"https:\/\/renaulac.fr\/diy\/wp-json\/wp\/v2\/types\/page"}],"author":[{"embeddable":true,"href":"https:\/\/renaulac.fr\/diy\/wp-json\/wp\/v2\/users\/1"}],"replies":[{"embeddable":true,"href":"https:\/\/renaulac.fr\/diy\/wp-json\/wp\/v2\/comments?post=421"}],"version-history":[{"count":1,"href":"https:\/\/renaulac.fr\/diy\/wp-json\/wp\/v2\/pages\/421\/revisions"}],"predecessor-version":[{"id":6383,"href":"https:\/\/renaulac.fr\/diy\/wp-json\/wp\/v2\/pages\/421\/revisions\/6383"}],"up":[{"embeddable":true,"href":"https:\/\/renaulac.fr\/diy\/wp-json\/wp\/v2\/pages\/229"}],"wp:attachment":[{"href":"https:\/\/renaulac.fr\/diy\/wp-json\/wp\/v2\/media?parent=421"}],"curies":[{"name":"wp","href":"https:\/\/api.w.org\/{rel}","templated":true}]}}