{"id":5187,"date":"2020-04-21T14:02:25","date_gmt":"2020-04-21T12:02:25","guid":{"rendered":"https:\/\/renaulac.fr\/pro\/?page_id=5187"},"modified":"2022-05-20T08:08:58","modified_gmt":"2022-05-20T06:08:58","slug":"glycero","status":"publish","type":"page","link":"https:\/\/renaulac.fr\/pro\/produits\/grands-travaux\/glycero\/","title":{"rendered":"Glyc\u00e9ro"},"content":{"rendered":"<p>[et_pb_section fb_built=\u00a0\u00bb1&Prime; _builder_version=\u00a0\u00bb3.22&Prime; background_color=\u00a0\u00bb#f4f4f4&Prime; background_image=\u00a0\u00bbhttps:\/\/renaulac.fr\/pro\/wp-content\/uploads\/sites\/5\/2020\/04\/Visuel_categorie_siteweb.jpg\u00a0\u00bb custom_margin=\u00a0\u00bb0px||0px|\u00a0\u00bb custom_margin_tablet=\u00a0\u00bb\u00a0\u00bb custom_margin_phone=\u00a0\u00bb\u00a0\u00bb custom_margin_last_edited=\u00a0\u00bbon|desktop\u00a0\u00bb custom_padding=\u00a0\u00bb0px||0px|\u00a0\u00bb global_colors_info=\u00a0\u00bb{}\u00a0\u00bb][et_pb_row _builder_version=\u00a0\u00bb3.25&Prime; custom_padding=\u00a0\u00bb0px|0px|0px|\u00a0\u00bb global_colors_info=\u00a0\u00bb{}\u00a0\u00bb][et_pb_column type=\u00a0\u00bb4_4&Prime; _builder_version=\u00a0\u00bb3.25&Prime; custom_padding=\u00a0\u00bb|||\u00a0\u00bb global_colors_info=\u00a0\u00bb{}\u00a0\u00bb custom_padding__hover=\u00a0\u00bb|||\u00a0\u00bb][et_pb_text admin_label=\u00a0\u00bbButton %22Retour%22&Prime; _builder_version=\u00a0\u00bb3.27.4&Prime; custom_margin=\u00a0\u00bb40px|||\u00a0\u00bb custom_margin_tablet=\u00a0\u00bb\u00a0\u00bb custom_margin_phone=\u00a0\u00bb\u00a0\u00bb custom_margin_last_edited=\u00a0\u00bbon|desktop\u00a0\u00bb global_colors_info=\u00a0\u00bb{}\u00a0\u00bb]<\/p>\n<div class=\"retourweiss\"><a href=\"https:\/\/renaulac.fr\/pro\/produits\">\u27e8 Retour<\/a><\/div>\n<p>[\/et_pb_text][et_pb_text admin_label=\u00a0\u00bbHeadline %22Glyc\u00e9ro%22&Prime; _builder_version=\u00a0\u00bb3.27.4&Prime; text_orientation=\u00a0\u00bbcenter\u00a0\u00bb background_layout=\u00a0\u00bbdark\u00a0\u00bb custom_margin=\u00a0\u00bb150px||200px|\u00a0\u00bb global_colors_info=\u00a0\u00bb{}\u00a0\u00bb]<\/p>\n<h1>Glyc\u00e9ro<\/h1>\n<p>[\/et_pb_text][\/et_pb_column][\/et_pb_row][\/et_pb_section][et_pb_section fb_built=\u00a0\u00bb1&Prime; _builder_version=\u00a0\u00bb3.22&Prime; custom_margin=\u00a0\u00bb80px||80px|\u00a0\u00bb custom_margin_tablet=\u00a0\u00bb60px||60px|\u00a0\u00bb custom_margin_phone=\u00a0\u00bb40px||40px|\u00a0\u00bb custom_margin_last_edited=\u00a0\u00bbon|desktop\u00a0\u00bb custom_padding=\u00a0\u00bb0px||0px|\u00a0\u00bb global_colors_info=\u00a0\u00bb{}\u00a0\u00bb][et_pb_row _builder_version=\u00a0\u00bb3.25&Prime; custom_padding=\u00a0\u00bb0px||0px|\u00a0\u00bb global_colors_info=\u00a0\u00bb{}\u00a0\u00bb][et_pb_column type=\u00a0\u00bb4_4&Prime; _builder_version=\u00a0\u00bb3.25&Prime; custom_padding=\u00a0\u00bb|||\u00a0\u00bb global_colors_info=\u00a0\u00bb{}\u00a0\u00bb custom_padding__hover=\u00a0\u00bb|||\u00a0\u00bb][et_pb_text admin_label=\u00a0\u00bbHeadline %22Notre peinture grands travaux%22&Prime; _builder_version=\u00a0\u00bb3.27.4&Prime; custom_margin=\u00a0\u00bb||0px|\u00a0\u00bb custom_padding=\u00a0\u00bb||0px|\u00a0\u00bb global_colors_info=\u00a0\u00bb{}\u00a0\u00bb]<\/p>\n<div class=\"headline1schwarzlight\">Notre peinture grands travaux<\/div>\n<p>[\/et_pb_text][et_pb_text admin_label=\u00a0\u00bbSubline %22Glyc\u00e9ro%22&Prime; _builder_version=\u00a0\u00bb3.27.4&Prime; header_text_color=\u00a0\u00bb#2f6f95&Prime; custom_margin=\u00a0\u00bb0px|||\u00a0\u00bb custom_padding=\u00a0\u00bb0px|||\u00a0\u00bb global_colors_info=\u00a0\u00bb{}\u00a0\u00bb]<\/p>\n<h1>Glyc\u00e9ro<\/h1>\n<p>[\/et_pb_text][\/et_pb_column][\/et_pb_row][\/et_pb_section][et_pb_section fb_built=\u00a0\u00bb1&Prime; _builder_version=\u00a0\u00bb3.22&Prime; custom_margin=\u00a0\u00bb80px||80px|\u00a0\u00bb custom_margin_tablet=\u00a0\u00bb60px||30px|\u00a0\u00bb custom_margin_phone=\u00a0\u00bb40px||30px|\u00a0\u00bb custom_margin_last_edited=\u00a0\u00bbon|phone\u00a0\u00bb custom_padding=\u00a0\u00bb0px||0px|\u00a0\u00bb global_colors_info=\u00a0\u00bb{}\u00a0\u00bb][et_pb_row _builder_version=\u00a0\u00bb3.25&Prime; custom_padding=\u00a0\u00bb0px||0px|\u00a0\u00bb global_colors_info=\u00a0\u00bb{}\u00a0\u00bb][et_pb_column type=\u00a0\u00bb4_4&Prime; _builder_version=\u00a0\u00bb3.25&Prime; custom_padding=\u00a0\u00bb|||\u00a0\u00bb global_colors_info=\u00a0\u00bb{}\u00a0\u00bb custom_padding__hover=\u00a0\u00bb|||\u00a0\u00bb][et_pb_portfolio fullwidth=\u00a0\u00bboff\u00a0\u00bb posts_number=\u00a0\u00bb50&Prime; include_categories=\u00a0\u00bb40&Prime; show_categories=\u00a0\u00bboff\u00a0\u00bb show_pagination=\u00a0\u00bboff\u00a0\u00bb admin_label=\u00a0\u00bbProduct filter\u00a0\u00bb _builder_version=\u00a0\u00bb3.21.4&Prime; title_level=\u00a0\u00bbh4&Prime; title_text_color=\u00a0\u00bb#2f6f95&Prime; text_orientation=\u00a0\u00bbcenter\u00a0\u00bb max_width_tablet=\u00a0\u00bb\u00a0\u00bb max_width_phone=\u00a0\u00bb75%\u00a0\u00bb max_width_last_edited=\u00a0\u00bbon|phone\u00a0\u00bb module_alignment=\u00a0\u00bbcenter\u00a0\u00bb border_width_all=\u00a0\u00bb1px\u00a0\u00bb border_color_all=\u00a0\u00bb#2f6f95&Prime; global_colors_info=\u00a0\u00bb{}\u00a0\u00bb][\/et_pb_portfolio][\/et_pb_column][\/et_pb_row][\/et_pb_section][et_pb_section fb_built=\u00a0\u00bb1&Prime; _builder_version=\u00a0\u00bb3.19.4&Prime; background_color=\u00a0\u00bb#f5f5f5&Prime; custom_margin=\u00a0\u00bb80px||80px|\u00a0\u00bb custom_margin_tablet=\u00a0\u00bb60px||60px|\u00a0\u00bb custom_margin_phone=\u00a0\u00bb40px||40px|\u00a0\u00bb custom_margin_last_edited=\u00a0\u00bbon|phone\u00a0\u00bb custom_padding=\u00a0\u00bb0px||0px|\u00a0\u00bb global_module=\u00a0\u00bb2823&Prime; global_colors_info=\u00a0\u00bb{}\u00a0\u00bb][et_pb_row make_equal=\u00a0\u00bbon\u00a0\u00bb _builder_version=\u00a0\u00bb3.25&Prime; custom_padding=\u00a0\u00bb0px||0px|\u00a0\u00bb global_colors_info=\u00a0\u00bb{}\u00a0\u00bb][et_pb_column type=\u00a0\u00bb4_4&Prime; module_class=\u00a0\u00bbds-vertical-align\u00a0\u00bb _builder_version=\u00a0\u00bb3.0.47&Prime; custom_padding=\u00a0\u00bb|||\u00a0\u00bb global_colors_info=\u00a0\u00bb{}\u00a0\u00bb custom_padding__hover=\u00a0\u00bb|||\u00a0\u00bb][et_pb_text admin_label=\u00a0\u00bbHeadline %22Autres cat\u00e9gories%22&Prime; _builder_version=\u00a0\u00bb3.27.4&Prime; text_orientation=\u00a0\u00bbcenter\u00a0\u00bb custom_margin=\u00a0\u00bb40px||30px|\u00a0\u00bb saved_tabs=\u00a0\u00bball\u00a0\u00bb global_colors_info=\u00a0\u00bb{}\u00a0\u00bb]<\/p>\n<div class=\"headline1schwarzlight\">Autres cat\u00e9gories<\/div>\n<p>[\/et_pb_text][\/et_pb_column][\/et_pb_row][et_pb_row make_equal=\u00a0\u00bbon\u00a0\u00bb _builder_version=\u00a0\u00bb3.25&Prime; custom_padding=\u00a0\u00bb||40px|\u00a0\u00bb global_colors_info=\u00a0\u00bb{}\u00a0\u00bb column_structure=\u00a0\u00bb1_2,1_2&Prime;][et_pb_column type=\u00a0\u00bb1_2&Prime; module_class=\u00a0\u00bbds-vertical-align\u00a0\u00bb _builder_version=\u00a0\u00bb3.0.47&Prime; background_image=\u00a0\u00bbhttps:\/\/renaulac.fr\/pro\/wp-content\/uploads\/sites\/5\/2019\/01\/renaulac_website_pro_homepage_product_teaser_facade.jpg\u00a0\u00bb custom_padding=\u00a0\u00bb|||\u00a0\u00bb global_colors_info=\u00a0\u00bb{}\u00a0\u00bb custom_padding__hover=\u00a0\u00bb|||\u00a0\u00bb][et_pb_text admin_label=\u00a0\u00bbHeadline + Image %22Fa\u00e7ade%22&Prime; _builder_version=\u00a0\u00bb3.27.4&Prime; text_orientation=\u00a0\u00bbcenter\u00a0\u00bb background_layout=\u00a0\u00bbdark\u00a0\u00bb custom_margin=\u00a0\u00bb100px||80px|\u00a0\u00bb global_colors_info=\u00a0\u00bb{}\u00a0\u00bb]<\/p>\n<div class=\"headline1weiss\"><a href=\"https:\/\/renaulac.fr\/pro\/produits\/facade\/\">Fa\u00e7ade<\/a><\/div>\n<p>[\/et_pb_text][\/et_pb_column][et_pb_column type=\u00a0\u00bb1_2&Prime; module_class=\u00a0\u00bbds-vertical-align\u00a0\u00bb _builder_version=\u00a0\u00bb3.0.47&Prime; background_image=\u00a0\u00bbhttps:\/\/renaulac.fr\/pro\/wp-content\/uploads\/sites\/5\/2019\/01\/renaulac_website_pro_homepage_product_teaser_interior-e1550070578514.jpg\u00a0\u00bb custom_padding=\u00a0\u00bb|||\u00a0\u00bb global_colors_info=\u00a0\u00bb{}\u00a0\u00bb custom_padding__hover=\u00a0\u00bb|||\u00a0\u00bb][et_pb_text admin_label=\u00a0\u00bbHeadline + Image %22Int\u00e9rieur%22&Prime; _builder_version=\u00a0\u00bb3.27.4&Prime; text_orientation=\u00a0\u00bbcenter\u00a0\u00bb background_layout=\u00a0\u00bbdark\u00a0\u00bb custom_margin=\u00a0\u00bb100px||80px|\u00a0\u00bb global_colors_info=\u00a0\u00bb{}\u00a0\u00bb]<\/p>\n<div class=\"headline1weiss\"><a href=\"https:\/\/renaulac.fr\/pro\/produits\/interieur\/\">Int\u00e9rieur<\/a><\/div>\n<p>[\/et_pb_text][\/et_pb_column][\/et_pb_row][\/et_pb_section]<\/p>\n","protected":false},"excerpt":{"rendered":"<p>\u27e8 Retour Glyc\u00e9ro Notre peinture grands travaux Glyc\u00e9ro Autres cat\u00e9goriesFa\u00e7adeInt\u00e9rieur<\/p>\n","protected":false},"author":1,"featured_media":0,"parent":5052,"menu_order":0,"comment_status":"closed","ping_status":"closed","template":"","meta":{"_et_pb_use_builder":"on","_et_pb_old_content":"","_et_gb_content_width":"","footnotes":""},"class_list":["post-5187","page","type-page","status-publish","hentry"],"yoast_head":"<!-- This site is optimized with the Yoast SEO plugin v26.4 - https:\/\/yoast.com\/wordpress\/plugins\/seo\/ -->\n<title>Glyc\u00e9ro - RENAULAC Professionnel<\/title>\n<meta name=\"robots\" content=\"index, follow, max-snippet:-1, max-image-preview:large, max-video-preview:-1\" \/>\n<link rel=\"canonical\" href=\"https:\/\/renaulac.fr\/pro\/produits\/grands-travaux\/glycero\/\" \/>\n<meta property=\"og:locale\" content=\"fr_FR\" \/>\n<meta property=\"og:type\" content=\"article\" \/>\n<meta property=\"og:title\" content=\"Glyc\u00e9ro - RENAULAC Professionnel\" \/>\n<meta property=\"og:description\" content=\"\u27e8 Retour Glyc\u00e9ro Notre peinture grands travaux Glyc\u00e9ro Autres cat\u00e9goriesFa\u00e7adeInt\u00e9rieur\" \/>\n<meta property=\"og:url\" content=\"https:\/\/renaulac.fr\/pro\/produits\/grands-travaux\/glycero\/\" \/>\n<meta property=\"og:site_name\" content=\"RENAULAC Professionnel\" \/>\n<meta property=\"article:modified_time\" content=\"2022-05-20T06:08:58+00:00\" \/>\n<meta name=\"twitter:card\" content=\"summary_large_image\" \/>\n<meta name=\"twitter:label1\" content=\"Dur\u00e9e de lecture estim\u00e9e\" \/>\n\t<meta name=\"twitter:data1\" content=\"3 minutes\" \/>\n<script type=\"application\/ld+json\" class=\"yoast-schema-graph\">{\"@context\":\"https:\/\/schema.org\",\"@graph\":[{\"@type\":\"WebPage\",\"@id\":\"https:\/\/renaulac.fr\/pro\/produits\/grands-travaux\/glycero\/\",\"url\":\"https:\/\/renaulac.fr\/pro\/produits\/grands-travaux\/glycero\/\",\"name\":\"Glyc\u00e9ro - RENAULAC Professionnel\",\"isPartOf\":{\"@id\":\"https:\/\/renaulac.fr\/pro\/#website\"},\"datePublished\":\"2020-04-21T12:02:25+00:00\",\"dateModified\":\"2022-05-20T06:08:58+00:00\",\"breadcrumb\":{\"@id\":\"https:\/\/renaulac.fr\/pro\/produits\/grands-travaux\/glycero\/#breadcrumb\"},\"inLanguage\":\"fr-FR\",\"potentialAction\":[{\"@type\":\"ReadAction\",\"target\":[\"https:\/\/renaulac.fr\/pro\/produits\/grands-travaux\/glycero\/\"]}]},{\"@type\":\"BreadcrumbList\",\"@id\":\"https:\/\/renaulac.fr\/pro\/produits\/grands-travaux\/glycero\/#breadcrumb\",\"itemListElement\":[{\"@type\":\"ListItem\",\"position\":1,\"name\":\"Startseite\",\"item\":\"https:\/\/renaulac.fr\/pro\/\"},{\"@type\":\"ListItem\",\"position\":2,\"name\":\"Produits\",\"item\":\"https:\/\/renaulac.fr\/pro\/produits\/\"},{\"@type\":\"ListItem\",\"position\":3,\"name\":\"Grands travaux\",\"item\":\"https:\/\/renaulac.fr\/pro\/produits\/grands-travaux\/\"},{\"@type\":\"ListItem\",\"position\":4,\"name\":\"Glyc\u00e9ro\"}]},{\"@type\":\"WebSite\",\"@id\":\"https:\/\/renaulac.fr\/pro\/#website\",\"url\":\"https:\/\/renaulac.fr\/pro\/\",\"name\":\"RENAULAC Professionnel\",\"description\":\"La R\u00e9f\u00e9rence du B\u00e0timent\",\"potentialAction\":[{\"@type\":\"SearchAction\",\"target\":{\"@type\":\"EntryPoint\",\"urlTemplate\":\"https:\/\/renaulac.fr\/pro\/?s={search_term_string}\"},\"query-input\":{\"@type\":\"PropertyValueSpecification\",\"valueRequired\":true,\"valueName\":\"search_term_string\"}}],\"inLanguage\":\"fr-FR\"}]}<\/script>\n<!-- \/ Yoast SEO plugin. -->","yoast_head_json":{"title":"Glyc\u00e9ro - RENAULAC Professionnel","robots":{"index":"index","follow":"follow","max-snippet":"max-snippet:-1","max-image-preview":"max-image-preview:large","max-video-preview":"max-video-preview:-1"},"canonical":"https:\/\/renaulac.fr\/pro\/produits\/grands-travaux\/glycero\/","og_locale":"fr_FR","og_type":"article","og_title":"Glyc\u00e9ro - RENAULAC Professionnel","og_description":"\u27e8 Retour Glyc\u00e9ro Notre peinture grands travaux Glyc\u00e9ro Autres cat\u00e9goriesFa\u00e7adeInt\u00e9rieur","og_url":"https:\/\/renaulac.fr\/pro\/produits\/grands-travaux\/glycero\/","og_site_name":"RENAULAC Professionnel","article_modified_time":"2022-05-20T06:08:58+00:00","twitter_card":"summary_large_image","twitter_misc":{"Dur\u00e9e de lecture estim\u00e9e":"3 minutes"},"schema":{"@context":"https:\/\/schema.org","@graph":[{"@type":"WebPage","@id":"https:\/\/renaulac.fr\/pro\/produits\/grands-travaux\/glycero\/","url":"https:\/\/renaulac.fr\/pro\/produits\/grands-travaux\/glycero\/","name":"Glyc\u00e9ro - RENAULAC Professionnel","isPartOf":{"@id":"https:\/\/renaulac.fr\/pro\/#website"},"datePublished":"2020-04-21T12:02:25+00:00","dateModified":"2022-05-20T06:08:58+00:00","breadcrumb":{"@id":"https:\/\/renaulac.fr\/pro\/produits\/grands-travaux\/glycero\/#breadcrumb"},"inLanguage":"fr-FR","potentialAction":[{"@type":"ReadAction","target":["https:\/\/renaulac.fr\/pro\/produits\/grands-travaux\/glycero\/"]}]},{"@type":"BreadcrumbList","@id":"https:\/\/renaulac.fr\/pro\/produits\/grands-travaux\/glycero\/#breadcrumb","itemListElement":[{"@type":"ListItem","position":1,"name":"Startseite","item":"https:\/\/renaulac.fr\/pro\/"},{"@type":"ListItem","position":2,"name":"Produits","item":"https:\/\/renaulac.fr\/pro\/produits\/"},{"@type":"ListItem","position":3,"name":"Grands travaux","item":"https:\/\/renaulac.fr\/pro\/produits\/grands-travaux\/"},{"@type":"ListItem","position":4,"name":"Glyc\u00e9ro"}]},{"@type":"WebSite","@id":"https:\/\/renaulac.fr\/pro\/#website","url":"https:\/\/renaulac.fr\/pro\/","name":"RENAULAC Professionnel","description":"La R\u00e9f\u00e9rence du B\u00e0timent","potentialAction":[{"@type":"SearchAction","target":{"@type":"EntryPoint","urlTemplate":"https:\/\/renaulac.fr\/pro\/?s={search_term_string}"},"query-input":{"@type":"PropertyValueSpecification","valueRequired":true,"valueName":"search_term_string"}}],"inLanguage":"fr-FR"}]}},"_links":{"self":[{"href":"https:\/\/renaulac.fr\/pro\/wp-json\/wp\/v2\/pages\/5187","targetHints":{"allow":["GET"]}}],"collection":[{"href":"https:\/\/renaulac.fr\/pro\/wp-json\/wp\/v2\/pages"}],"about":[{"href":"https:\/\/renaulac.fr\/pro\/wp-json\/wp\/v2\/types\/page"}],"author":[{"embeddable":true,"href":"https:\/\/renaulac.fr\/pro\/wp-json\/wp\/v2\/users\/1"}],"replies":[{"embeddable":true,"href":"https:\/\/renaulac.fr\/pro\/wp-json\/wp\/v2\/comments?post=5187"}],"version-history":[{"count":3,"href":"https:\/\/renaulac.fr\/pro\/wp-json\/wp\/v2\/pages\/5187\/revisions"}],"predecessor-version":[{"id":6660,"href":"https:\/\/renaulac.fr\/pro\/wp-json\/wp\/v2\/pages\/5187\/revisions\/6660"}],"up":[{"embeddable":true,"href":"https:\/\/renaulac.fr\/pro\/wp-json\/wp\/v2\/pages\/5052"}],"wp:attachment":[{"href":"https:\/\/renaulac.fr\/pro\/wp-json\/wp\/v2\/media?parent=5187"}],"curies":[{"name":"wp","href":"https:\/\/api.w.org\/{rel}","templated":true}]}}